{"id":85936,"date":"2023-08-08T23:57:01","date_gmt":"2023-08-08T22:57:01","guid":{"rendered":"https:\/\/santepara.ma\/?product=ducray-keracnyl-control-creme-30ml"},"modified":"2023-11-04T13:00:20","modified_gmt":"2023-11-04T12:00:20","slug":"ducray-keracnyl-control-creme-30ml","status":"publish","type":"product","link":"https:\/\/santepara.ma\/?product=ducray-keracnyl-control-creme-30ml","title":{"rendered":"Ducray Keracnyl Control Cr\u00e8me 30ml"},"content":{"rendered":"<p>Keracnyl CONTROL\u00a0favorise la disparition des points noirs et des boutons :<\/p>\n<ul>\n<li>L&rsquo;innovation Myrtacine brevet\u00e9e* : cible la bact\u00e9rie responsable des boutons en limitant son organisation en biofilm.<\/li>\n<li>Les hydroxy-acides d\u00e9sincrustent les pores en douceur.<\/li>\n<li>L&rsquo;association brevet\u00e9e* salicylate de zinc\/extrait de sabal serrulata r\u00e9duit l&rsquo;exc\u00e8s de s\u00e9bum.<\/li>\n<\/ul>\n<p><strong><strong>Conseils d&rsquo;Utilisation : <\/strong> <\/strong><\/p>\n<p>Appliquer 1 \u00e0 2 fois par jour sur peau nettoy\u00e9e et s\u00e8che. Id\u00e9al comme base de maquillage.<\/p>\n<p>&nbsp;<\/p>\n","protected":false},"excerpt":{"rendered":"<div class=\"categories-table\">\n<div class=\"categories-row\">\n<div class=\"category-content\"><strong>Peaux \u00e0 tendance acn\u00e9ique<\/strong><\/div>\n<\/div>\n<\/div>\n","protected":false},"featured_media":85935,"comment_status":"open","ping_status":"closed","template":"","meta":{"_joinchat":[]},"pwb-brand":[314],"product_cat":[101],"product_tag":[],"brands":[{"id":314,"name":"DUCRAY","slug":"ducray"}],"_links":{"self":[{"href":"https:\/\/santepara.ma\/index.php?rest_route=\/wp\/v2\/product\/85936"}],"collection":[{"href":"https:\/\/santepara.ma\/index.php?rest_route=\/wp\/v2\/product"}],"about":[{"href":"https:\/\/santepara.ma\/index.php?rest_route=\/wp\/v2\/types\/product"}],"replies":[{"embeddable":true,"href":"https:\/\/santepara.ma\/index.php?rest_route=%2Fwp%2Fv2%2Fcomments&post=85936"}],"wp:featuredmedia":[{"embeddable":true,"href":"https:\/\/santepara.ma\/index.php?rest_route=\/wp\/v2\/media\/85935"}],"wp:attachment":[{"href":"https:\/\/santepara.ma\/index.php?rest_route=%2Fwp%2Fv2%2Fmedia&parent=85936"}],"wp:term":[{"taxonomy":"pwb-brand","embeddable":true,"href":"https:\/\/santepara.ma\/index.php?rest_route=%2Fwp%2Fv2%2Fpwb-brand&post=85936"},{"taxonomy":"product_cat","embeddable":true,"href":"https:\/\/santepara.ma\/index.php?rest_route=%2Fwp%2Fv2%2Fproduct_cat&post=85936"},{"taxonomy":"product_tag","embeddable":true,"href":"https:\/\/santepara.ma\/index.php?rest_route=%2Fwp%2Fv2%2Fproduct_tag&post=85936"}],"curies":[{"name":"wp","href":"https:\/\/api.w.org\/{rel}","templated":true}]}}