{"id":85944,"date":"2023-08-08T23:57:07","date_gmt":"2023-08-08T22:57:07","guid":{"rendered":"https:\/\/santepara.ma\/?product=sesderma-creme-c-vit-cc-cream-30-ml"},"modified":"2023-11-04T13:00:20","modified_gmt":"2023-11-04T12:00:20","slug":"sesderma-creme-c-vit-cc-cream-30-ml","status":"publish","type":"product","link":"https:\/\/santepara.ma\/?product=sesderma-creme-c-vit-cc-cream-30-ml","title":{"rendered":"SESDERMA Cr\u00e8me C VIT CC Cream 30 ML"},"content":{"rendered":"<p>Cr\u00e8me de soin teint\u00e9e aux effets antioxydants, vitamine C et acide hyaluronique.\u00a0Il est id\u00e9al pour une utilisation quotidienne sur les peaux fatigu\u00e9es, p\u00e2les et ternes.\u00a0La CC Cream donne \u00e0 la peau luminosit\u00e9 et vitalit\u00e9 et assure imm\u00e9diatement un fini ros\u00e9 et une apparence radieuse et saine avec un teint uniforme.<\/p>\n","protected":false},"excerpt":{"rendered":"<p>Cr\u00e8me de soin teint\u00e9e aux effets antioxydants, vitamine C et acide hyaluronique.\u00a0Il est id\u00e9al pour une utilisation quotidienne sur les<\/p>\n","protected":false},"featured_media":85943,"comment_status":"open","ping_status":"closed","template":"","meta":{"_joinchat":[]},"pwb-brand":[445],"product_cat":[82],"product_tag":[],"brands":[{"id":445,"name":"SESDERMA","slug":"sesderma"}],"_links":{"self":[{"href":"https:\/\/santepara.ma\/index.php?rest_route=\/wp\/v2\/product\/85944"}],"collection":[{"href":"https:\/\/santepara.ma\/index.php?rest_route=\/wp\/v2\/product"}],"about":[{"href":"https:\/\/santepara.ma\/index.php?rest_route=\/wp\/v2\/types\/product"}],"replies":[{"embeddable":true,"href":"https:\/\/santepara.ma\/index.php?rest_route=%2Fwp%2Fv2%2Fcomments&post=85944"}],"wp:featuredmedia":[{"embeddable":true,"href":"https:\/\/santepara.ma\/index.php?rest_route=\/wp\/v2\/media\/85943"}],"wp:attachment":[{"href":"https:\/\/santepara.ma\/index.php?rest_route=%2Fwp%2Fv2%2Fmedia&parent=85944"}],"wp:term":[{"taxonomy":"pwb-brand","embeddable":true,"href":"https:\/\/santepara.ma\/index.php?rest_route=%2Fwp%2Fv2%2Fpwb-brand&post=85944"},{"taxonomy":"product_cat","embeddable":true,"href":"https:\/\/santepara.ma\/index.php?rest_route=%2Fwp%2Fv2%2Fproduct_cat&post=85944"},{"taxonomy":"product_tag","embeddable":true,"href":"https:\/\/santepara.ma\/index.php?rest_route=%2Fwp%2Fv2%2Fproduct_tag&post=85944"}],"curies":[{"name":"wp","href":"https:\/\/api.w.org\/{rel}","templated":true}]}}