{"id":85971,"date":"2023-08-08T23:57:12","date_gmt":"2023-08-08T22:57:12","guid":{"rendered":"https:\/\/santepara.ma\/?product=sesderma-creme-hydratante-c-vit-50ml"},"modified":"2023-11-04T13:00:23","modified_gmt":"2023-11-04T12:00:23","slug":"sesderma-creme-hydratante-c-vit-50ml","status":"publish","type":"product","link":"https:\/\/santepara.ma\/?product=sesderma-creme-hydratante-c-vit-50ml","title":{"rendered":"SESDERMA Cr\u00e8me hydratante C VIT 50ML"},"content":{"rendered":"<p>Cr\u00e8me hydratante pour le visage avec un maximum d&rsquo;effet antioxydant, hydratant, anti-rides et \u00e9claircissant, qui redonne \u00e0 votre peau sa vitalit\u00e9 et son \u00e9clat naturel.<\/p>\n<p>La vitamine C de votre peau est convertie en lumi\u00e8re.\u00a0Et gr\u00e2ce \u00e0 la nanotechnologie, nous maximisons son efficacit\u00e9 et sa protection contre les radicaux libres.<\/p>\n","protected":false},"excerpt":{"rendered":"<p>Cr\u00e8me hydratante pour le visage avec un maximum d&rsquo;effet antioxydant, hydratant, anti-rides et \u00e9claircissant, qui redonne \u00e0 votre peau sa<\/p>\n","protected":false},"featured_media":85970,"comment_status":"open","ping_status":"closed","template":"","meta":{"_joinchat":[]},"pwb-brand":[445],"product_cat":[82],"product_tag":[],"brands":[{"id":445,"name":"SESDERMA","slug":"sesderma"}],"_links":{"self":[{"href":"https:\/\/santepara.ma\/index.php?rest_route=\/wp\/v2\/product\/85971"}],"collection":[{"href":"https:\/\/santepara.ma\/index.php?rest_route=\/wp\/v2\/product"}],"about":[{"href":"https:\/\/santepara.ma\/index.php?rest_route=\/wp\/v2\/types\/product"}],"replies":[{"embeddable":true,"href":"https:\/\/santepara.ma\/index.php?rest_route=%2Fwp%2Fv2%2Fcomments&post=85971"}],"wp:featuredmedia":[{"embeddable":true,"href":"https:\/\/santepara.ma\/index.php?rest_route=\/wp\/v2\/media\/85970"}],"wp:attachment":[{"href":"https:\/\/santepara.ma\/index.php?rest_route=%2Fwp%2Fv2%2Fmedia&parent=85971"}],"wp:term":[{"taxonomy":"pwb-brand","embeddable":true,"href":"https:\/\/santepara.ma\/index.php?rest_route=%2Fwp%2Fv2%2Fpwb-brand&post=85971"},{"taxonomy":"product_cat","embeddable":true,"href":"https:\/\/santepara.ma\/index.php?rest_route=%2Fwp%2Fv2%2Fproduct_cat&post=85971"},{"taxonomy":"product_tag","embeddable":true,"href":"https:\/\/santepara.ma\/index.php?rest_route=%2Fwp%2Fv2%2Fproduct_tag&post=85971"}],"curies":[{"name":"wp","href":"https:\/\/api.w.org\/{rel}","templated":true}]}}