{"id":86001,"date":"2023-08-08T23:57:21","date_gmt":"2023-08-08T22:57:21","guid":{"rendered":"https:\/\/santepara.ma\/?product=janssen-cosmetics-masque-eclaircissant-150ml"},"modified":"2023-11-04T13:00:24","modified_gmt":"2023-11-04T12:00:24","slug":"janssen-cosmetics-masque-eclaircissant-150ml","status":"publish","type":"product","link":"https:\/\/santepara.ma\/?product=janssen-cosmetics-masque-eclaircissant-150ml","title":{"rendered":"Janssen Cosmetics Masque eclaircissant 150ml"},"content":{"rendered":"<p>Pendant le bref temps de pause du masque, ses actifs \u00e9claircissants et ses antioxydants r\u00e9v\u00e8lent leur efficacit\u00e9. De plus, la texture fondante de ce masque visage am\u00e9liore la coh\u00e9sion entre les cellules et lisse la surface de la peau. Le taux hydrique est r\u00e9\u00e9quilibr\u00e9 de mani\u00e8re perceptible et sauvegard\u00e9 au fil des heures.<\/p>\n<p><strong>Ingr\u00e9dients :\u00a0<\/strong><\/p>\n<p>\u2022\u00a0\u00a0Lipoaminoacide:\u00a0\u00a0(INCI: und\u00e9cyl\u00e9noyle ph\u00e9nylalanine), \u00e9claircissant efficace de la peau, bloque de mani\u00e8re v\u00e9rifiable les r\u00e9cepteurs \u03b1-MSH \u00e0 la surface des m\u00e9lanocytes.<\/p>\n<p>\u2022\u00a0\u00a0Extrait de plante SORR: extrait\u00a0\u00a0hautement actif constitu\u00e9 de Siegesbeckia orientalis et de Rabdosia rubescens;\u00a0inhibe l&rsquo;absorption de m\u00e9lanine dans les k\u00e9ratinocytes, a un effet apaisant et antioxydant, favorise un teint uniforme et radieux<\/p>\n<p>\u2022\u00a0\u00a0Isost\u00e9arate d&rsquo;isost\u00e9aryle:\u00a0\u00a0abr\u00e9g\u00e9 en ISIS, \u00e9mollient \u00e0 base de mati\u00e8res premi\u00e8res v\u00e9g\u00e9tales renouvelables;\u00a0am\u00e9liore la coh\u00e9sion des lipides dans la couche corn\u00e9e et r\u00e9duit la perte d&rsquo;eau trans\u00e9pidermique de la peau<\/p>\n<p>\u2022\u00a0\u00a0extrait de racine de r\u00e9glisse:\u00a0\u00a0glycyrrhizine de potassium, constituant principal de la racine de r\u00e9glisse;\u00a0soulage les irritations et illumine la peau<\/p>\n<p>\u2022\u00a0\u00a0\u03b1-bisabolol:\u00a0\u00a0apaisant<\/p>\n<p>\u2022\u00a0\u00a0Dioxyde de titane:\u00a0\u00a0pigment blanc pour \u00e9claircir optiquement la peau<\/p>\n<p><strong><strong>Conseils d&rsquo;Utilisation : <\/strong> <\/strong><\/p>\n<p>R\u00e9partissez le masque \u00e9claircissant sur une peau nettoy\u00e9e et laissez agir pendant 10 \u00e0 20 minutes.\u00a0Enlevez les r\u00e9sidus du masque avec des compresses chaudes.<\/p>\n<p>Conseil:\u00a0\u00a0Id\u00e9al \u00e9galement pour traiter les taches de vieillesse sur le dos des mains.<\/p>\n","protected":false},"excerpt":{"rendered":"<p>Pendant le bref temps de pause du masque, ses actifs \u00e9claircissants et ses antioxydants r\u00e9v\u00e8lent leur efficacit\u00e9. De plus, la<\/p>\n","protected":false},"featured_media":86000,"comment_status":"open","ping_status":"closed","template":"","meta":{"_joinchat":[]},"pwb-brand":[446],"product_cat":[109,95,126],"product_tag":[],"brands":[{"id":446,"name":"JANSSEN COSMETICS","slug":"janssen-cosmetics"}],"_links":{"self":[{"href":"https:\/\/santepara.ma\/index.php?rest_route=\/wp\/v2\/product\/86001"}],"collection":[{"href":"https:\/\/santepara.ma\/index.php?rest_route=\/wp\/v2\/product"}],"about":[{"href":"https:\/\/santepara.ma\/index.php?rest_route=\/wp\/v2\/types\/product"}],"replies":[{"embeddable":true,"href":"https:\/\/santepara.ma\/index.php?rest_route=%2Fwp%2Fv2%2Fcomments&post=86001"}],"wp:featuredmedia":[{"embeddable":true,"href":"https:\/\/santepara.ma\/index.php?rest_route=\/wp\/v2\/media\/86000"}],"wp:attachment":[{"href":"https:\/\/santepara.ma\/index.php?rest_route=%2Fwp%2Fv2%2Fmedia&parent=86001"}],"wp:term":[{"taxonomy":"pwb-brand","embeddable":true,"href":"https:\/\/santepara.ma\/index.php?rest_route=%2Fwp%2Fv2%2Fpwb-brand&post=86001"},{"taxonomy":"product_cat","embeddable":true,"href":"https:\/\/santepara.ma\/index.php?rest_route=%2Fwp%2Fv2%2Fproduct_cat&post=86001"},{"taxonomy":"product_tag","embeddable":true,"href":"https:\/\/santepara.ma\/index.php?rest_route=%2Fwp%2Fv2%2Fproduct_tag&post=86001"}],"curies":[{"name":"wp","href":"https:\/\/api.w.org\/{rel}","templated":true}]}}