{"id":86045,"date":"2023-08-08T23:57:30","date_gmt":"2023-08-08T22:57:30","guid":{"rendered":"https:\/\/santepara.ma\/?product=roge-cavailles-deo-soin-dermato-roll-on-sans-sels-daluminium-50ml"},"modified":"2023-11-04T13:00:27","modified_gmt":"2023-11-04T12:00:27","slug":"roge-cavailles-deo-soin-dermato-roll-on-sans-sels-daluminium-50ml","status":"publish","type":"product","link":"https:\/\/santepara.ma\/?product=roge-cavailles-deo-soin-dermato-roll-on-sans-sels-daluminium-50ml","title":{"rendered":"ROGE CAVAILLES D\u00c9O SOIN DERMATO ROLL-ON SANS SELS D&rsquo;ALUMINIUM 50ML"},"content":{"rendered":"<section class=\"wpb-content-wrapper\"><p>D\u00e9couvrez le D\u00e9o-Soin Dermato Roll-on !<\/p>\n<p>Sa formule enrichie en micro-talc absorbant aide \u00e0 lutter contre l\u2019humidit\u00e9 d\u00e8s sa formation.<\/p>\n<p>Sans sels d\u2019aluminium, il respecte parfaitement la peau, tout en assurant une vraie efficacit\u00e9 toute la journ\u00e9e contre les odeurs.<\/p>\n<p>Avec son parfum frais, il laisse votre peau saine et fra\u00eeche tout au long de la journ\u00e9e !<\/p>\n<p><strong><strong>Conseils d&rsquo;Utilisation : <\/strong> <\/strong><\/p>\n<div class=\"wpb_row vc_row vc_row-fluid mk-fullwidth-false attched-false vc_row-fluid mpc-row\">\n<div class=\"vc_col-sm-9 wpb_column column_container mpc-column\" data-column-id=\"mpc_column-425f78acc8be8f8\">\n<div class=\"vc_tta-container\" data-vc-action=\"collapse\">\n<div class=\"vc_general vc_tta vc_tta-tabs vc_tta-color-sandy-brown vc_tta-style-modern vc_tta-shape-rounded vc_tta-spacing-1 vc_tta-tabs-position-top vc_tta-controls-align-left vc_custom_1478626840921\">\n<div class=\"vc_tta-panels-container\">\n<div class=\"vc_tta-panels\">\n<div id=\"1478609047703-a33c3731-84d0\" class=\"vc_tta-panel vc_active\" data-vc-content=\".vc_tta-panel-body\">\n<div class=\"vc_tta-panel-body\">\n<div class=\"mk-text-block true\">\n<p class=\"p1\">Appliquez quotidiennement sur des aisselles propres et s\u00e8ches.<\/p>\n<p>Laissez s\u00e9cher quelques instants avant de vous habiller.<\/p>\n<div class=\"clearboth\"><strong>TOLERANCE :<\/strong><\/div>\n<\/div>\n<\/div>\n<\/div>\n<\/div>\n<\/div>\n<\/div>\n<\/div>\n<\/div>\n<\/div>\n<div class=\"wpb_row vc_row vc_row-fluid mk-fullwidth-false attched-false vc_row-fluid mpc-row\">Hypoallerg\u00e9nique, il est formul\u00e9 sans sels d\u2019aluminium, sans alcool et sans paraben. Haute tol\u00e9rance cliniquement test\u00e9e par des dermatologues.<\/div>\n<\/section>","protected":false},"excerpt":{"rendered":"<p>D\u00e9couvrez le D\u00e9o-Soin Dermato Roll-on ! Sa formule enrichie en micro-talc absorbant aide \u00e0 lutter contre l\u2019humidit\u00e9 d\u00e8s sa formation.<\/p>\n","protected":false},"featured_media":86044,"comment_status":"open","ping_status":"closed","template":"","meta":{"_joinchat":[]},"pwb-brand":[451],"product_cat":[129],"product_tag":[],"brands":[{"id":451,"name":"ROGE CAVAILLES","slug":"roge-cavailles"}],"_links":{"self":[{"href":"https:\/\/santepara.ma\/index.php?rest_route=\/wp\/v2\/product\/86045"}],"collection":[{"href":"https:\/\/santepara.ma\/index.php?rest_route=\/wp\/v2\/product"}],"about":[{"href":"https:\/\/santepara.ma\/index.php?rest_route=\/wp\/v2\/types\/product"}],"replies":[{"embeddable":true,"href":"https:\/\/santepara.ma\/index.php?rest_route=%2Fwp%2Fv2%2Fcomments&post=86045"}],"wp:featuredmedia":[{"embeddable":true,"href":"https:\/\/santepara.ma\/index.php?rest_route=\/wp\/v2\/media\/86044"}],"wp:attachment":[{"href":"https:\/\/santepara.ma\/index.php?rest_route=%2Fwp%2Fv2%2Fmedia&parent=86045"}],"wp:term":[{"taxonomy":"pwb-brand","embeddable":true,"href":"https:\/\/santepara.ma\/index.php?rest_route=%2Fwp%2Fv2%2Fpwb-brand&post=86045"},{"taxonomy":"product_cat","embeddable":true,"href":"https:\/\/santepara.ma\/index.php?rest_route=%2Fwp%2Fv2%2Fproduct_cat&post=86045"},{"taxonomy":"product_tag","embeddable":true,"href":"https:\/\/santepara.ma\/index.php?rest_route=%2Fwp%2Fv2%2Fproduct_tag&post=86045"}],"curies":[{"name":"wp","href":"https:\/\/api.w.org\/{rel}","templated":true}]}}