{"id":86078,"date":"2023-08-08T23:57:40","date_gmt":"2023-08-08T22:57:40","guid":{"rendered":"https:\/\/santepara.ma\/?product=roge-cavailles-creme-de-douche-karite-magnolia-750ml"},"modified":"2023-11-04T13:00:29","modified_gmt":"2023-11-04T12:00:29","slug":"roge-cavailles-creme-de-douche-karite-magnolia-750ml","status":"publish","type":"product","link":"https:\/\/santepara.ma\/?product=roge-cavailles-creme-de-douche-karite-magnolia-750ml","title":{"rendered":"ROGE CAVAILLES CR\u00c8ME DE DOUCHE KARIT\u00c9 MAGNOLIA 750ML"},"content":{"rendered":"<p>Cette Cr\u00e8me de Douche au Magnolia permet de combiner plaisir et hydratation pour votre peau sensible lors de votre douche.<\/p>\n<p>Cette Cr\u00e8me Douche Hydratante associe les vertus nourrissantes du beurre de Karit\u00e9, des agents surgras et les propri\u00e9t\u00e9s des fleurs de Magnolia afin de nourrir intens\u00e9ment votre peau.<\/p>\n<p>Votre peau s\u2019adoucit et s\u2019assouplit au fil des jours afin de vous apporter douceur et r\u00e9confort.<\/p>\n<p>La texture ultra-cr\u00e9meuse de ce Gel Douche Cr\u00e8me et son parfum aux notes de fleurs blanches vous feront fondre de plaisir. Votre peau est souple, douce et incroyablement confortable.<\/p>\n<p>Sous la douche ou dans votre bain, appliquez une dose de Gel Douche Cr\u00e8me sur votre corps pr\u00e9alablement mouill\u00e9. Sa texture onctueuse et fondante mousse d\u00e9licatement sur votre peau.<\/p>\n<p>Apr\u00e8s utilisation, rincez abondamment \u00e0 l\u2019eau ti\u00e8de.<\/p>\n","protected":false},"excerpt":{"rendered":"<p>Cette Cr\u00e8me de Douche au Magnolia permet de combiner plaisir et hydratation pour votre peau sensible lors de votre douche.<\/p>\n","protected":false},"featured_media":86077,"comment_status":"open","ping_status":"closed","template":"","meta":{"_joinchat":[]},"pwb-brand":[451],"product_cat":[98,92],"product_tag":[],"brands":[{"id":451,"name":"ROGE CAVAILLES","slug":"roge-cavailles"}],"_links":{"self":[{"href":"https:\/\/santepara.ma\/index.php?rest_route=\/wp\/v2\/product\/86078"}],"collection":[{"href":"https:\/\/santepara.ma\/index.php?rest_route=\/wp\/v2\/product"}],"about":[{"href":"https:\/\/santepara.ma\/index.php?rest_route=\/wp\/v2\/types\/product"}],"replies":[{"embeddable":true,"href":"https:\/\/santepara.ma\/index.php?rest_route=%2Fwp%2Fv2%2Fcomments&post=86078"}],"wp:featuredmedia":[{"embeddable":true,"href":"https:\/\/santepara.ma\/index.php?rest_route=\/wp\/v2\/media\/86077"}],"wp:attachment":[{"href":"https:\/\/santepara.ma\/index.php?rest_route=%2Fwp%2Fv2%2Fmedia&parent=86078"}],"wp:term":[{"taxonomy":"pwb-brand","embeddable":true,"href":"https:\/\/santepara.ma\/index.php?rest_route=%2Fwp%2Fv2%2Fpwb-brand&post=86078"},{"taxonomy":"product_cat","embeddable":true,"href":"https:\/\/santepara.ma\/index.php?rest_route=%2Fwp%2Fv2%2Fproduct_cat&post=86078"},{"taxonomy":"product_tag","embeddable":true,"href":"https:\/\/santepara.ma\/index.php?rest_route=%2Fwp%2Fv2%2Fproduct_tag&post=86078"}],"curies":[{"name":"wp","href":"https:\/\/api.w.org\/{rel}","templated":true}]}}