{"id":86096,"date":"2023-08-08T23:57:43","date_gmt":"2023-08-08T22:57:43","guid":{"rendered":"https:\/\/santepara.ma\/?product=roge-cavailles-deo-absorb-invisible-48h-spray-150ml"},"modified":"2023-11-04T13:00:30","modified_gmt":"2023-11-04T12:00:30","slug":"roge-cavailles-deo-absorb-invisible-48h-spray-150ml","status":"publish","type":"product","link":"https:\/\/santepara.ma\/?product=roge-cavailles-deo-absorb-invisible-48h-spray-150ml","title":{"rendered":"ROGE CAVAILLES D\u00c9O ABSORB+ INVISIBLE 48H SPRAY 150ML"},"content":{"rendered":"<p>Ce D\u00e9odorant Spray agit durablement contre les pics de transpiration et neutralise les mauvaises odeurs. D\u00e9odorant Anti-Trace Jaune, il laisse sur votre peau un parfum frais et agr\u00e9able tout au long de la journ\u00e9e.<\/p>\n<p>Gr\u00e2ce \u00e0 sa formule enrichie en actifs 5x plus absorbants que le talc, il agit en profondeur afin de pr\u00e9venir l\u2019apparition d\u2019aur\u00e9oles et de mauvaises odeurs lors des pics de transpiration.<\/p>\n<p>Enrichi en agents anti-traces,\u00a0 ce D\u00e9odorant Spray est sp\u00e9cialement con\u00e7u pour limiter l\u2019apparition des traces jaunes et des traces blanches sur les v\u00eatements.<\/p>\n<p>D\u00e9odorant Anti-Trace Jaune, il est respectueux des peaux sensibles et laisse vos aisselles douces tout au long de la journ\u00e9e.<\/p>\n<p>\u00c0 vaporiser quotidiennement sur des aisselles propres et s\u00e8ches en respectant une distance de 15cm.<\/p>\n<p>Bien agiter avant utilisation.<\/p>\n","protected":false},"excerpt":{"rendered":"<p>Ce D\u00e9odorant Spray agit durablement contre les pics de transpiration et neutralise les mauvaises odeurs. D\u00e9odorant Anti-Trace Jaune, il laisse<\/p>\n","protected":false},"featured_media":86095,"comment_status":"open","ping_status":"closed","template":"","meta":{"_joinchat":[]},"pwb-brand":[451],"product_cat":[129],"product_tag":[],"brands":[{"id":451,"name":"ROGE CAVAILLES","slug":"roge-cavailles"}],"_links":{"self":[{"href":"https:\/\/santepara.ma\/index.php?rest_route=\/wp\/v2\/product\/86096"}],"collection":[{"href":"https:\/\/santepara.ma\/index.php?rest_route=\/wp\/v2\/product"}],"about":[{"href":"https:\/\/santepara.ma\/index.php?rest_route=\/wp\/v2\/types\/product"}],"replies":[{"embeddable":true,"href":"https:\/\/santepara.ma\/index.php?rest_route=%2Fwp%2Fv2%2Fcomments&post=86096"}],"wp:featuredmedia":[{"embeddable":true,"href":"https:\/\/santepara.ma\/index.php?rest_route=\/wp\/v2\/media\/86095"}],"wp:attachment":[{"href":"https:\/\/santepara.ma\/index.php?rest_route=%2Fwp%2Fv2%2Fmedia&parent=86096"}],"wp:term":[{"taxonomy":"pwb-brand","embeddable":true,"href":"https:\/\/santepara.ma\/index.php?rest_route=%2Fwp%2Fv2%2Fpwb-brand&post=86096"},{"taxonomy":"product_cat","embeddable":true,"href":"https:\/\/santepara.ma\/index.php?rest_route=%2Fwp%2Fv2%2Fproduct_cat&post=86096"},{"taxonomy":"product_tag","embeddable":true,"href":"https:\/\/santepara.ma\/index.php?rest_route=%2Fwp%2Fv2%2Fproduct_tag&post=86096"}],"curies":[{"name":"wp","href":"https:\/\/api.w.org\/{rel}","templated":true}]}}