{"id":86164,"date":"2023-08-08T23:57:59","date_gmt":"2023-08-08T22:57:59","guid":{"rendered":"https:\/\/santepara.ma\/?product=rilastil-sun-system-creme-spf50-50ml"},"modified":"2023-11-04T13:00:33","modified_gmt":"2023-11-04T12:00:33","slug":"rilastil-sun-system-creme-spf50-50ml","status":"publish","type":"product","link":"https:\/\/santepara.ma\/?product=rilastil-sun-system-creme-spf50-50ml","title":{"rendered":"RILASTIL SUN SYSTEM CR\u00c8ME SPF50+ 50ML"},"content":{"rendered":"<p>\u00c9cran solaire pour le visage \u00e0 la texture riche, mais facile \u00e0 \u00e9taler et \u00e0 absorption rapide. Il assure une protection UVB-UVA \u00e0 large spectre, pr\u00e9vient l&rsquo;apparition des coups de soleil, des taches et des \u00e9ruptions solaires, tout en maintenant une peau saine et \u00e9lastique.<\/p>\n<p><strong><strong>Conseils d&rsquo;Utilisation : <\/strong> <\/strong><\/p>\n<p>Appliquer uniform\u00e9ment sur le visage au moins 30 minutes avant l&rsquo;exposition au soleil. R\u00e9p\u00e9tez fr\u00e9quemment pendant la journ\u00e9e. La pr\u00e9sence de filtres solaires peut tacher les v\u00eatements.<\/p>\n","protected":false},"excerpt":{"rendered":"<p>\u00c9cran solaire pour le visage \u00e0 la texture riche, mais facile \u00e0 \u00e9taler et \u00e0 absorption rapide. Il assure une<\/p>\n","protected":false},"featured_media":86163,"comment_status":"open","ping_status":"closed","template":"","meta":{"_joinchat":[]},"pwb-brand":[454],"product_cat":[180],"product_tag":[],"brands":[{"id":454,"name":"RILASTIL","slug":"rilastil"}],"_links":{"self":[{"href":"https:\/\/santepara.ma\/index.php?rest_route=\/wp\/v2\/product\/86164"}],"collection":[{"href":"https:\/\/santepara.ma\/index.php?rest_route=\/wp\/v2\/product"}],"about":[{"href":"https:\/\/santepara.ma\/index.php?rest_route=\/wp\/v2\/types\/product"}],"replies":[{"embeddable":true,"href":"https:\/\/santepara.ma\/index.php?rest_route=%2Fwp%2Fv2%2Fcomments&post=86164"}],"wp:featuredmedia":[{"embeddable":true,"href":"https:\/\/santepara.ma\/index.php?rest_route=\/wp\/v2\/media\/86163"}],"wp:attachment":[{"href":"https:\/\/santepara.ma\/index.php?rest_route=%2Fwp%2Fv2%2Fmedia&parent=86164"}],"wp:term":[{"taxonomy":"pwb-brand","embeddable":true,"href":"https:\/\/santepara.ma\/index.php?rest_route=%2Fwp%2Fv2%2Fpwb-brand&post=86164"},{"taxonomy":"product_cat","embeddable":true,"href":"https:\/\/santepara.ma\/index.php?rest_route=%2Fwp%2Fv2%2Fproduct_cat&post=86164"},{"taxonomy":"product_tag","embeddable":true,"href":"https:\/\/santepara.ma\/index.php?rest_route=%2Fwp%2Fv2%2Fproduct_tag&post=86164"}],"curies":[{"name":"wp","href":"https:\/\/api.w.org\/{rel}","templated":true}]}}