{"id":86178,"date":"2023-08-08T23:58:04","date_gmt":"2023-08-08T22:58:04","guid":{"rendered":"https:\/\/santepara.ma\/?product=urgo-compresses-steriles-de-gaze-20cmx20cm"},"modified":"2024-10-19T10:45:13","modified_gmt":"2024-10-19T09:45:13","slug":"urgo-compresses-steriles-de-gaze-20cmx20cm","status":"publish","type":"product","link":"https:\/\/santepara.ma\/?product=urgo-compresses-steriles-de-gaze-20cmx20cm","title":{"rendered":"URGO COMPRESSES ST\u00c9RILES DE GAZE 20cmX20cm"},"content":{"rendered":"<h4>Les compresses\u00a0st\u00e9riles\u00a0de Gaze\u00a0URGO ont une\u00a0forte capacit\u00e9 d\u2019absorption, sont\u00a0hypoallerg\u00e9niques\u00a0et\u00a0st\u00e9riles\u00a0pour une hygi\u00e8ne optimale.<\/h4>\n<h3><strong>Conseils d&rsquo;Utilisation : <\/strong> <\/h3>\n<p>1. Ouvrir le sachet sans toucher la compresse pour qu\u2019elle conserve sa caract\u00e9ristique st\u00e9rile.<\/p>\n<p>2. Nettoyer la plaie \u00e0 l\u2019aide d\u2019une compresse s\u00e8che ou impr\u00e9gn\u00e9e de s\u00e9rum physiologique.<\/p>\n<p>3. Si n\u00e9cessaire, badigeonner la plaie avec une compresse impr\u00e9gn\u00e9e d\u2019une solution antiseptique liquide ou d\u2019un autre principe actif.<\/p>\n","protected":false},"excerpt":{"rendered":"<p>Les compresses\u00a0st\u00e9riles\u00a0de Gaze\u00a0URGO ont une\u00a0forte capacit\u00e9 d\u2019absorption, sont\u00a0hypoallerg\u00e9niques\u00a0et\u00a0st\u00e9riles\u00a0pour une hygi\u00e8ne optimale. Conseils d&rsquo;Utilisation : 1. Ouvrir le sachet sans toucher<\/p>\n","protected":false},"featured_media":86177,"comment_status":"open","ping_status":"closed","template":"","meta":{"_joinchat":[]},"pwb-brand":[443],"product_cat":[218],"product_tag":[],"brands":[{"id":443,"name":"URGO","slug":"urgo"}],"_links":{"self":[{"href":"https:\/\/santepara.ma\/index.php?rest_route=\/wp\/v2\/product\/86178"}],"collection":[{"href":"https:\/\/santepara.ma\/index.php?rest_route=\/wp\/v2\/product"}],"about":[{"href":"https:\/\/santepara.ma\/index.php?rest_route=\/wp\/v2\/types\/product"}],"replies":[{"embeddable":true,"href":"https:\/\/santepara.ma\/index.php?rest_route=%2Fwp%2Fv2%2Fcomments&post=86178"}],"wp:featuredmedia":[{"embeddable":true,"href":"https:\/\/santepara.ma\/index.php?rest_route=\/wp\/v2\/media\/86177"}],"wp:attachment":[{"href":"https:\/\/santepara.ma\/index.php?rest_route=%2Fwp%2Fv2%2Fmedia&parent=86178"}],"wp:term":[{"taxonomy":"pwb-brand","embeddable":true,"href":"https:\/\/santepara.ma\/index.php?rest_route=%2Fwp%2Fv2%2Fpwb-brand&post=86178"},{"taxonomy":"product_cat","embeddable":true,"href":"https:\/\/santepara.ma\/index.php?rest_route=%2Fwp%2Fv2%2Fproduct_cat&post=86178"},{"taxonomy":"product_tag","embeddable":true,"href":"https:\/\/santepara.ma\/index.php?rest_route=%2Fwp%2Fv2%2Fproduct_tag&post=86178"}],"curies":[{"name":"wp","href":"https:\/\/api.w.org\/{rel}","templated":true}]}}