{"id":86202,"date":"2023-08-08T23:58:15","date_gmt":"2023-08-08T22:58:15","guid":{"rendered":"https:\/\/santepara.ma\/?product=svr-sun-secure-fluide-spf50"},"modified":"2023-11-04T13:00:36","modified_gmt":"2023-11-04T12:00:36","slug":"svr-sun-secure-fluide-spf50","status":"publish","type":"product","link":"https:\/\/santepara.ma\/?product=svr-sun-secure-fluide-spf50","title":{"rendered":"SVR SUN SECURE FLUIDE SPF50+"},"content":{"rendered":"<p>Notre SUN SECURE Fluide SPF50+ offre une tr\u00e8s haute protection dermatologique dans une texture super fluide au toucher sec.<\/p>\n<div class=\"product__content\">\n<div class=\"product__tab expanded\" data-drawer-container=\"\">\n<div class=\"product__tab-content\" data-drawer-content=\"\">\n<p>Pour toutes les peaux sensibles.\u00a0D\u00e8s la naissance (hors pr\u00e9matur\u00e9s). Visage\u00a0;<\/p>\n<p>Notre SUN SECURE Fluide SPF50+ offre une tr\u00e8s haute protection dermatologique dans une texture super fluide au toucher sec. Sa texture l\u00e9g\u00e8re, particuli\u00e8rement adapt\u00e9e aux peaux normales \u00e0 mixtes, p\u00e9n\u00e8tre instantan\u00e9ment pour laisser la peau mat, non grasse et non collante. Son d\u00e9licat parfum d\u2019\u00e9t\u00e9 donne envie d\u2019en r\u00e9appliquer encore et encore. R\u00e9siste \u00e0 l\u2019eau, \u00e0 la transpiration et aux frottements pour une protection optimale.<\/p>\n<\/div>\n<\/div>\n<\/div>\n","protected":false},"excerpt":{"rendered":"<p>Fluide toucher sec fini invisible SPF50+<\/p>\n","protected":false},"featured_media":86201,"comment_status":"open","ping_status":"closed","template":"","meta":{"_joinchat":[]},"pwb-brand":[456],"product_cat":[113,101,157],"product_tag":[],"brands":[{"id":456,"name":"SVR","slug":"svr"}],"_links":{"self":[{"href":"https:\/\/santepara.ma\/index.php?rest_route=\/wp\/v2\/product\/86202"}],"collection":[{"href":"https:\/\/santepara.ma\/index.php?rest_route=\/wp\/v2\/product"}],"about":[{"href":"https:\/\/santepara.ma\/index.php?rest_route=\/wp\/v2\/types\/product"}],"replies":[{"embeddable":true,"href":"https:\/\/santepara.ma\/index.php?rest_route=%2Fwp%2Fv2%2Fcomments&post=86202"}],"wp:featuredmedia":[{"embeddable":true,"href":"https:\/\/santepara.ma\/index.php?rest_route=\/wp\/v2\/media\/86201"}],"wp:attachment":[{"href":"https:\/\/santepara.ma\/index.php?rest_route=%2Fwp%2Fv2%2Fmedia&parent=86202"}],"wp:term":[{"taxonomy":"pwb-brand","embeddable":true,"href":"https:\/\/santepara.ma\/index.php?rest_route=%2Fwp%2Fv2%2Fpwb-brand&post=86202"},{"taxonomy":"product_cat","embeddable":true,"href":"https:\/\/santepara.ma\/index.php?rest_route=%2Fwp%2Fv2%2Fproduct_cat&post=86202"},{"taxonomy":"product_tag","embeddable":true,"href":"https:\/\/santepara.ma\/index.php?rest_route=%2Fwp%2Fv2%2Fproduct_tag&post=86202"}],"curies":[{"name":"wp","href":"https:\/\/api.w.org\/{rel}","templated":true}]}}