{"id":86206,"date":"2023-08-08T23:58:18","date_gmt":"2023-08-08T22:58:18","guid":{"rendered":"https:\/\/santepara.ma\/?product=svr-xerial-50-extreme-calosite"},"modified":"2023-11-04T13:00:36","modified_gmt":"2023-11-04T12:00:36","slug":"svr-xerial-50-extreme-calosite","status":"publish","type":"product","link":"https:\/\/santepara.ma\/?product=svr-xerial-50-extreme-calosite","title":{"rendered":"SVR XERIAL 50 EXTREME CALOSITE"},"content":{"rendered":"<p>X\u00e9rial 50 Extr\u00eame Cr\u00e8me Pieds vient \u00e0 bout des durillons et callosit\u00e9 en 7 jours<\/p>\n<p>Pieds, mains et coudes. Ne pas utiliser chez l\u2019enfant de moins de 3 ans<\/p>\n<p>X\u00c9RIAL 50 Extr\u00eame Cr\u00e8me pieds est LA cr\u00e8me qui r\u00e9duit les callosit\u00e9s et les durillons rebelles en 7<sup>(1)<\/sup>\u00a0jours.<\/p>\n<p>Pourquoi la choisir ?\u00a0Pour son brevet Technologie Ur\u00e9e Pure<sup>(2)<\/sup>\u00a0et sa concentration \u00e9lev\u00e9e en acide salicylique qui permet de r\u00e9duire les callosit\u00e9s et les durillons rebelles des pieds tr\u00e8s secs en 7 jours<sup>(1)<\/sup> seulement ! Sa formule non grasse, s\u2019\u00e9tale facilement et p\u00e9n\u00e8tre rapidement. Il se peut que sa texture cristallise \u00e0 la fin du tube. Cela n\u2019alt\u00e8re pas son efficacit\u00e9 ni sa bonne tol\u00e9rance, c\u2019est simplement la texture qui se modifie<\/p>\n<p>&nbsp;<\/p>\n<div class=\"product__content\">\n<div class=\"product__tab expanded\" data-drawer-container=\"\">\n<div class=\"product__tab-content\" data-drawer-content=\"\">\n<p>Pieds, mains et coudes. Ne pas utiliser chez l\u2019enfant de moins de 3 ans<\/p>\n<p>X\u00c9RIAL 50 Extr\u00eame Cr\u00e8me pieds est LA cr\u00e8me qui r\u00e9duit les callosit\u00e9s et les durillons rebelles en 7<sup>(1)<\/sup>\u00a0jours.<\/p>\n<p>Pourquoi la choisir ?\u00a0Pour son brevet Technologie Ur\u00e9e Pure<sup>(2)<\/sup>\u00a0et sa concentration \u00e9lev\u00e9e en acide salicylique qui permet de r\u00e9duire les callosit\u00e9s et les durillons rebelles des pieds tr\u00e8s secs en 7 jours<sup>(1)<\/sup>\u00a0seulement !\u00a0Sa formule non grasse, s\u2019\u00e9tale facilement et p\u00e9n\u00e8tre rapidement.\u00a0Il se peut que\u00a0sa texture cristallise \u00e0 la fin du tube. Cela n\u2019alt\u00e8re pas son efficacit\u00e9 ni sa bonne tol\u00e9rance, c\u2019est simplement la texture qui se modifie.<\/p>\n<p>(1) Test d&rsquo;usage, 21 volontaires, 2 fois par jour, % de satisfactions. (2) Brevet d\u00e9pos\u00e9 N\u00b0FR-09 56 266<\/p>\n<\/div>\n<\/div>\n<div class=\"product__tab expanded\" data-drawer-container=\"\">\n<div class=\"product__tab-content\" data-drawer-content=\"\">\n<p>2 fois par jour par massages circulaires sur les zones concern\u00e9es jusqu\u2019\u00e0 obtention de l\u2019effet recherch\u00e9. Vous pouvez \u00e9galement l\u2019utiliser sur les zones \u00e9paissies des mains et des coudes.<\/p>\n<p>Ne pas utiliser chez l\u2019enfant de moins de 3 ans. Conserver \u00e0 temp\u00e9rature ambiante.<\/p>\n<p>Lire attentivement la notice.<\/p>\n<\/div>\n<\/div>\n<\/div>\n","protected":false},"excerpt":{"rendered":"<p>Anti-callosit\u00e9s 7 jours corne et durillons<\/p>\n","protected":false},"featured_media":86205,"comment_status":"open","ping_status":"closed","template":"","meta":{"_joinchat":[]},"pwb-brand":[456],"product_cat":[91,92,100],"product_tag":[],"brands":[{"id":456,"name":"SVR","slug":"svr"}],"_links":{"self":[{"href":"https:\/\/santepara.ma\/index.php?rest_route=\/wp\/v2\/product\/86206"}],"collection":[{"href":"https:\/\/santepara.ma\/index.php?rest_route=\/wp\/v2\/product"}],"about":[{"href":"https:\/\/santepara.ma\/index.php?rest_route=\/wp\/v2\/types\/product"}],"replies":[{"embeddable":true,"href":"https:\/\/santepara.ma\/index.php?rest_route=%2Fwp%2Fv2%2Fcomments&post=86206"}],"wp:featuredmedia":[{"embeddable":true,"href":"https:\/\/santepara.ma\/index.php?rest_route=\/wp\/v2\/media\/86205"}],"wp:attachment":[{"href":"https:\/\/santepara.ma\/index.php?rest_route=%2Fwp%2Fv2%2Fmedia&parent=86206"}],"wp:term":[{"taxonomy":"pwb-brand","embeddable":true,"href":"https:\/\/santepara.ma\/index.php?rest_route=%2Fwp%2Fv2%2Fpwb-brand&post=86206"},{"taxonomy":"product_cat","embeddable":true,"href":"https:\/\/santepara.ma\/index.php?rest_route=%2Fwp%2Fv2%2Fproduct_cat&post=86206"},{"taxonomy":"product_tag","embeddable":true,"href":"https:\/\/santepara.ma\/index.php?rest_route=%2Fwp%2Fv2%2Fproduct_tag&post=86206"}],"curies":[{"name":"wp","href":"https:\/\/api.w.org\/{rel}","templated":true}]}}