{"id":86252,"date":"2023-08-08T23:58:33","date_gmt":"2023-08-08T22:58:33","guid":{"rendered":"https:\/\/santepara.ma\/?product=svr-hydraliane-legere-40-ml-physiopure-eau-micellaire-75ml-offerte"},"modified":"2023-11-04T13:00:38","modified_gmt":"2023-11-04T12:00:38","slug":"svr-hydraliane-legere-40-ml-physiopure-eau-micellaire-75ml-offerte","status":"publish","type":"product","link":"https:\/\/santepara.ma\/?product=svr-hydraliane-legere-40-ml-physiopure-eau-micellaire-75ml-offerte","title":{"rendered":"SVR HYDRALIANE L\u00e9g\u00e8re 40 ML + Physiopure Eau Micellaire 75ml Offerte"},"content":{"rendered":"<div class=\"product__main\">\n<div class=\"product__sidebar product__sidebar--is-sticky\">\n<div class=\"inner-wrapper-sticky\">\n<div class=\"product__resume\">Hydraliane L\u00e9g\u00e8re est la premi\u00e8re cr\u00e8me hydratante formul\u00e9e avec 60% d&rsquo;eau physio-adapt\u00e9e qui infuse votre peau en continu : 24h d&rsquo;hydratation, de confort et d&rsquo;\u00e9clat.<\/div>\n<div><\/div>\n<div>Hydraliane L\u00e9g\u00e8re est enrichie en Eau Physio-Adapt\u00e9e, une eau reconstitu\u00e9e en laboratoire qui imite les facteurs d\u2019hydratation<sup>(1)<\/sup>\u00a0de la peau pour la d\u00e9salt\u00e9rer intens\u00e9ment. Sa texture fra\u00eeche et non grasse convient aux peaux sensibles normales \u00e0 mixtes.<\/div>\n<\/div>\n<div>\n<p>Appliquer matin et\/ou soir sur le visage et le cou. Excellente base de maquillage.<\/p>\n<p>Et pour une plus grande hydratation, adopter la routine Hydraliane matin et soir :<\/p>\n<p>\u2022 Pr\u00e9parer votre peau avec Hydraliane Essence<\/p>\n<p>\u2022 Appliquer votre soin Hydraliane<\/p>\n<\/div>\n<\/div>\n<div><\/div>\n<\/div>\n","protected":false},"excerpt":{"rendered":"<p>Cr\u00e8me hydratante intense \u2013 peaux normales \u00e0 mixtes<\/p>\n","protected":false},"featured_media":86251,"comment_status":"open","ping_status":"closed","template":"","meta":{"_joinchat":[]},"pwb-brand":[456],"product_cat":[82,101],"product_tag":[],"brands":[{"id":456,"name":"SVR","slug":"svr"}],"_links":{"self":[{"href":"https:\/\/santepara.ma\/index.php?rest_route=\/wp\/v2\/product\/86252"}],"collection":[{"href":"https:\/\/santepara.ma\/index.php?rest_route=\/wp\/v2\/product"}],"about":[{"href":"https:\/\/santepara.ma\/index.php?rest_route=\/wp\/v2\/types\/product"}],"replies":[{"embeddable":true,"href":"https:\/\/santepara.ma\/index.php?rest_route=%2Fwp%2Fv2%2Fcomments&post=86252"}],"wp:featuredmedia":[{"embeddable":true,"href":"https:\/\/santepara.ma\/index.php?rest_route=\/wp\/v2\/media\/86251"}],"wp:attachment":[{"href":"https:\/\/santepara.ma\/index.php?rest_route=%2Fwp%2Fv2%2Fmedia&parent=86252"}],"wp:term":[{"taxonomy":"pwb-brand","embeddable":true,"href":"https:\/\/santepara.ma\/index.php?rest_route=%2Fwp%2Fv2%2Fpwb-brand&post=86252"},{"taxonomy":"product_cat","embeddable":true,"href":"https:\/\/santepara.ma\/index.php?rest_route=%2Fwp%2Fv2%2Fproduct_cat&post=86252"},{"taxonomy":"product_tag","embeddable":true,"href":"https:\/\/santepara.ma\/index.php?rest_route=%2Fwp%2Fv2%2Fproduct_tag&post=86252"}],"curies":[{"name":"wp","href":"https:\/\/api.w.org\/{rel}","templated":true}]}}