{"id":86260,"date":"2023-08-08T23:58:34","date_gmt":"2023-08-08T22:58:34","guid":{"rendered":"https:\/\/santepara.ma\/?product=svr-sensifine-masque-50ml"},"modified":"2023-11-04T13:00:40","modified_gmt":"2023-11-04T12:00:40","slug":"svr-sensifine-masque-50ml","status":"publish","type":"product","link":"https:\/\/santepara.ma\/?product=svr-sensifine-masque-50ml","title":{"rendered":"SVR SENSIFINE MASQUE 50ML"},"content":{"rendered":"<p>SENSIFINE MASQUE apaise instantan\u00e9ment et hydrate les peaux sensibles, intol\u00e9rantes et poly-allergiques.<\/p>\n<p>Pour toutes les peaux sensibles, intol\u00e9rantes \u00e0 poly-allergiques.<\/p>\n<p>Un soin coupe-feu qui calme les peaux en crise gr\u00e2ce \u00e0 sa formule minimaliste hautement concentr\u00e9e en actifs apaisants et nutritifs. Sa texture gel cr\u00e8me se transforme en une huile ultra-confortable pour un moment de douceur intense. Apais\u00e9es, hydrat\u00e9es, les peaux les plus sensibles retrouvent leur confort.<\/p>\n<p><strong>EN SLEEPING MASQUE :<\/p>\n<p><\/strong>Pour apaiser les peaux en crise, appliquer le soir et laisser infuser les actifs toute la nuit.<\/p>\n<p>&nbsp;<\/p>\n<p><strong>EN MASQUE MINUTE :<\/p>\n<p><\/strong>Pour r\u00e9duire la r\u00e9activit\u00e9 de la peau, appliquer en couche \u00e9paisse le matin ou le soir, laisser poser 5 minutes puis retirer l\u2019exc\u00e9dent si n\u00e9cessaire<\/p>\n<p>&nbsp;<\/p>\n","protected":false},"excerpt":{"rendered":"<p>Masque hydratant apaisant extr\u00eame. Peaux intol\u00e9rantes et poly-allergiques.<\/p>\n","protected":false},"featured_media":86259,"comment_status":"open","ping_status":"closed","template":"","meta":{"_joinchat":[]},"pwb-brand":[456],"product_cat":[109,95,191],"product_tag":[],"brands":[{"id":456,"name":"SVR","slug":"svr"}],"_links":{"self":[{"href":"https:\/\/santepara.ma\/index.php?rest_route=\/wp\/v2\/product\/86260"}],"collection":[{"href":"https:\/\/santepara.ma\/index.php?rest_route=\/wp\/v2\/product"}],"about":[{"href":"https:\/\/santepara.ma\/index.php?rest_route=\/wp\/v2\/types\/product"}],"replies":[{"embeddable":true,"href":"https:\/\/santepara.ma\/index.php?rest_route=%2Fwp%2Fv2%2Fcomments&post=86260"}],"wp:featuredmedia":[{"embeddable":true,"href":"https:\/\/santepara.ma\/index.php?rest_route=\/wp\/v2\/media\/86259"}],"wp:attachment":[{"href":"https:\/\/santepara.ma\/index.php?rest_route=%2Fwp%2Fv2%2Fmedia&parent=86260"}],"wp:term":[{"taxonomy":"pwb-brand","embeddable":true,"href":"https:\/\/santepara.ma\/index.php?rest_route=%2Fwp%2Fv2%2Fpwb-brand&post=86260"},{"taxonomy":"product_cat","embeddable":true,"href":"https:\/\/santepara.ma\/index.php?rest_route=%2Fwp%2Fv2%2Fproduct_cat&post=86260"},{"taxonomy":"product_tag","embeddable":true,"href":"https:\/\/santepara.ma\/index.php?rest_route=%2Fwp%2Fv2%2Fproduct_tag&post=86260"}],"curies":[{"name":"wp","href":"https:\/\/api.w.org\/{rel}","templated":true}]}}