{"id":86268,"date":"2023-08-08T23:58:36","date_gmt":"2023-08-08T22:58:36","guid":{"rendered":"https:\/\/santepara.ma\/?product=spirial-bille-svr"},"modified":"2023-11-04T13:00:40","modified_gmt":"2023-11-04T12:00:40","slug":"spirial-bille-svr","status":"publish","type":"product","link":"https:\/\/santepara.ma\/?product=spirial-bille-svr","title":{"rendered":"SPIRIAL BILLE SVR"},"content":{"rendered":"<p>Toutes les peaux m\u00eame les plus sensibles. Transpiration normale \u00e0 excessive. Adolescent, adulte. Aisselles. D\u00e9odorant \u00e0 l\u2019efficacit\u00e9 anti-transpirante intense 48h <sup>\u00a0<\/sup>m\u00eame en situations extr\u00eames (sport, stress\u2026). Formul\u00e9 avec une haute concentration en agents sudo-r\u00e9gulateurs, il r\u00e9gule la transpiration, absorbe l\u2019humidit\u00e9 et lutte contre les mauvaises odeurs dans la plus haute tol\u00e9rance. Sa texture non collante s\u00e8che rapidement et laisse la peau douce sans laisser de traces blanches. Sans parfum.<\/p>\n<p><strong><strong>Conseils d&rsquo;Utilisation : <\/strong> <\/strong><\/p>\n<p>Appliquer au quotidien sur peau propre et s\u00e8che.<\/p>\n","protected":false},"excerpt":{"rendered":"<p>Toutes les peaux m\u00eame les plus sensibles. Transpiration normale \u00e0 excessive. Adolescent, adulte. Aisselles. D\u00e9odorant \u00e0 l\u2019efficacit\u00e9 anti-transpirante intense 48h<\/p>\n","protected":false},"featured_media":86267,"comment_status":"open","ping_status":"closed","template":"","meta":{"_joinchat":[]},"pwb-brand":[456],"product_cat":[129],"product_tag":[],"brands":[{"id":456,"name":"SVR","slug":"svr"}],"_links":{"self":[{"href":"https:\/\/santepara.ma\/index.php?rest_route=\/wp\/v2\/product\/86268"}],"collection":[{"href":"https:\/\/santepara.ma\/index.php?rest_route=\/wp\/v2\/product"}],"about":[{"href":"https:\/\/santepara.ma\/index.php?rest_route=\/wp\/v2\/types\/product"}],"replies":[{"embeddable":true,"href":"https:\/\/santepara.ma\/index.php?rest_route=%2Fwp%2Fv2%2Fcomments&post=86268"}],"wp:featuredmedia":[{"embeddable":true,"href":"https:\/\/santepara.ma\/index.php?rest_route=\/wp\/v2\/media\/86267"}],"wp:attachment":[{"href":"https:\/\/santepara.ma\/index.php?rest_route=%2Fwp%2Fv2%2Fmedia&parent=86268"}],"wp:term":[{"taxonomy":"pwb-brand","embeddable":true,"href":"https:\/\/santepara.ma\/index.php?rest_route=%2Fwp%2Fv2%2Fpwb-brand&post=86268"},{"taxonomy":"product_cat","embeddable":true,"href":"https:\/\/santepara.ma\/index.php?rest_route=%2Fwp%2Fv2%2Fproduct_cat&post=86268"},{"taxonomy":"product_tag","embeddable":true,"href":"https:\/\/santepara.ma\/index.php?rest_route=%2Fwp%2Fv2%2Fproduct_tag&post=86268"}],"curies":[{"name":"wp","href":"https:\/\/api.w.org\/{rel}","templated":true}]}}