{"id":86282,"date":"2023-08-08T23:58:40","date_gmt":"2023-08-08T22:58:40","guid":{"rendered":"https:\/\/santepara.ma\/?product=topialyse-huile-lavante-200ml"},"modified":"2023-11-04T13:00:41","modified_gmt":"2023-11-04T12:00:41","slug":"topialyse-huile-lavante-200ml","status":"publish","type":"product","link":"https:\/\/santepara.ma\/?product=topialyse-huile-lavante-200ml","title":{"rendered":"TOPIALYSE HUILE LAVANTE 200ML"},"content":{"rendered":"<p>Peaux sensibles s\u00e8ches \u00e0\u00a0tr\u00e8s s\u00e8ches \u00e0 tendance atopique. D\u00e8s la naissance, pour toute la famille.\u00a0Corps, visage, cheveux, hygi\u00e8ne intime. Ne pique pas les yeux.<\/p>\n<p>TOPIALYSE HUILE LAVANTE MICELLAIRE est un v\u00e9ritable soin lavant qui nourrit intens\u00e9ment la peau et pr\u00e9serve le film hydrolipidique tout en r\u00e9duisant les sensations de tiraillements et de grattage<\/p>\n<p>&nbsp;<\/p>\n<p>Pour la douche : appliquer sur peau mouill\u00e9e, faire mousser, rincer puis s\u00e9cher d\u00e9licatement sans frotter.<\/p>\n<p>Pour le bain : verser l\u2019\u00e9quivalent de 5 pressions longues pendant le remplissage de la baignoire.<\/p>\n<p>Se rince facilement. Ne laisse pas de r\u00e9sidus glissants dans le bain ou la douche.<\/p>\n<p>Convient aux cheveux et au corps du b\u00e9b\u00e9, ne pique pas les yeux.<\/p>\n","protected":false},"excerpt":{"rendered":"<div class=\"product__subtitle\">Huile lavante relipidante anti-grattage \u2013 peaux s\u00e8ches, tr\u00e8s s\u00e8ches, \u00e0 tendance atopique<\/div>\n<p>&nbsp;<\/p>\n","protected":false},"featured_media":86281,"comment_status":"open","ping_status":"closed","template":"","meta":{"_joinchat":[]},"pwb-brand":[456],"product_cat":[98,96,92],"product_tag":[],"brands":[{"id":456,"name":"SVR","slug":"svr"}],"_links":{"self":[{"href":"https:\/\/santepara.ma\/index.php?rest_route=\/wp\/v2\/product\/86282"}],"collection":[{"href":"https:\/\/santepara.ma\/index.php?rest_route=\/wp\/v2\/product"}],"about":[{"href":"https:\/\/santepara.ma\/index.php?rest_route=\/wp\/v2\/types\/product"}],"replies":[{"embeddable":true,"href":"https:\/\/santepara.ma\/index.php?rest_route=%2Fwp%2Fv2%2Fcomments&post=86282"}],"wp:featuredmedia":[{"embeddable":true,"href":"https:\/\/santepara.ma\/index.php?rest_route=\/wp\/v2\/media\/86281"}],"wp:attachment":[{"href":"https:\/\/santepara.ma\/index.php?rest_route=%2Fwp%2Fv2%2Fmedia&parent=86282"}],"wp:term":[{"taxonomy":"pwb-brand","embeddable":true,"href":"https:\/\/santepara.ma\/index.php?rest_route=%2Fwp%2Fv2%2Fpwb-brand&post=86282"},{"taxonomy":"product_cat","embeddable":true,"href":"https:\/\/santepara.ma\/index.php?rest_route=%2Fwp%2Fv2%2Fproduct_cat&post=86282"},{"taxonomy":"product_tag","embeddable":true,"href":"https:\/\/santepara.ma\/index.php?rest_route=%2Fwp%2Fv2%2Fproduct_tag&post=86282"}],"curies":[{"name":"wp","href":"https:\/\/api.w.org\/{rel}","templated":true}]}}