{"id":86284,"date":"2023-08-08T23:58:40","date_gmt":"2023-08-08T22:58:40","guid":{"rendered":"https:\/\/santepara.ma\/?product=densitium-bi-serum"},"modified":"2023-11-04T13:00:41","modified_gmt":"2023-11-04T12:00:41","slug":"densitium-bi-serum","status":"publish","type":"product","link":"https:\/\/santepara.ma\/?product=densitium-bi-serum","title":{"rendered":"DENSITIUM BI-SERUM"},"content":{"rendered":"<div class=\"product__main\">\n<div class=\"product__sidebar product__sidebar--is-sticky\">\n<div class=\"inner-wrapper-sticky\">\n<div class=\"product__instagram\">\n<div class=\"product__instagram-content\"><\/div>\n<\/div>\n<\/div>\n<\/div>\n<\/div>\n<div class=\"product__content\">\n<div class=\"product__resume\">\u00a0D\u00e9couvrez Densitium bi-s\u00e9rum : 2 formules pour une concentration record en actifs dermatologiques anti-\u00e2ge. Lutte contre les 3 probl\u00e9matiques majeures des peaux matures : rel\u00e2chement cutan\u00e9, rides et s\u00e9cheresse avanc\u00e9e.Peaux matures. Visage et cou.<\/div>\n<div class=\"product__resume\">DENSITIUM BI-SERUM d\u00e9fie les lois de la gravit\u00e9 ! 2 formules pour une concentration record (45%) en actifs dermatologiques anti-\u00e2ge pour lutter contre les 3 probl\u00e9matiques majeures des peaux matures : rel\u00e2chement cutan\u00e9, rides et s\u00e9cheresse avanc\u00e9e. Son efficacit\u00e9 r\u00e9volutionnaire est visible en \u00e0 peine un mois d\u2019utilisation m\u00eame sur double menton<sup>(1)<\/sup>.<\/div>\n<\/div>\n<div><\/div>\n<div><strong><strong>Conseils d&rsquo;Utilisation : <\/strong> <\/strong><\/div>\n<div>\n<p>Appliquer matin et \/ ou soir seul ou avant votre soin quotidien.<\/p>\n<p>Pour une efficacit\u00e9 optimale chauffer le produit entre les mains puis appliquer-le sur l\u2019ensemble du visage et du cou en partant du centre vers l\u2019ext\u00e9rieur. Exercez des l\u00e9gers pincements sur l\u2019ovale du visage. Lisser les rides les plus marqu\u00e9es.<\/p>\n<\/div>\n","protected":false},"excerpt":{"rendered":"<p>S\u00e9rum double formule anti-\u00e2ge nutrition intense<\/p>\n","protected":false},"featured_media":86283,"comment_status":"open","ping_status":"closed","template":"","meta":{"_joinchat":[]},"pwb-brand":[456],"product_cat":[132],"product_tag":[],"brands":[{"id":456,"name":"SVR","slug":"svr"}],"_links":{"self":[{"href":"https:\/\/santepara.ma\/index.php?rest_route=\/wp\/v2\/product\/86284"}],"collection":[{"href":"https:\/\/santepara.ma\/index.php?rest_route=\/wp\/v2\/product"}],"about":[{"href":"https:\/\/santepara.ma\/index.php?rest_route=\/wp\/v2\/types\/product"}],"replies":[{"embeddable":true,"href":"https:\/\/santepara.ma\/index.php?rest_route=%2Fwp%2Fv2%2Fcomments&post=86284"}],"wp:featuredmedia":[{"embeddable":true,"href":"https:\/\/santepara.ma\/index.php?rest_route=\/wp\/v2\/media\/86283"}],"wp:attachment":[{"href":"https:\/\/santepara.ma\/index.php?rest_route=%2Fwp%2Fv2%2Fmedia&parent=86284"}],"wp:term":[{"taxonomy":"pwb-brand","embeddable":true,"href":"https:\/\/santepara.ma\/index.php?rest_route=%2Fwp%2Fv2%2Fpwb-brand&post=86284"},{"taxonomy":"product_cat","embeddable":true,"href":"https:\/\/santepara.ma\/index.php?rest_route=%2Fwp%2Fv2%2Fproduct_cat&post=86284"},{"taxonomy":"product_tag","embeddable":true,"href":"https:\/\/santepara.ma\/index.php?rest_route=%2Fwp%2Fv2%2Fproduct_tag&post=86284"}],"curies":[{"name":"wp","href":"https:\/\/api.w.org\/{rel}","templated":true}]}}