{"id":86328,"date":"2023-08-08T23:58:52","date_gmt":"2023-08-08T22:58:52","guid":{"rendered":"https:\/\/santepara.ma\/?product=forte-pharma-acerola-vitamine-c-60-comprimes"},"modified":"2026-03-02T13:19:11","modified_gmt":"2026-03-02T12:19:11","slug":"forte-pharma-acerola-vitamine-c-60-comprimes","status":"publish","type":"product","link":"https:\/\/santepara.ma\/?product=forte-pharma-acerola-vitamine-c-60-comprimes","title":{"rendered":"Fort\u00e9 Pharma Ac\u00e9rola Vitamine C &#8211; 60 Comprim\u00e9s"},"content":{"rendered":"<p>Description<\/p>\n<p>L&rsquo;ac\u00e9rola est un des fruits les plus riches en vitamine C. Avec son d\u00e9licieux go\u00fbt fruits rouges, un comprim\u00e9 d&rsquo;ac\u00e9rola apporte 120 mg de vitamine C soit 150 % des valeurs nutritionnelles de r\u00e9f\u00e9rence. Elle aide \u00e0 surmonter les petits coups de fatigue passag\u00e8re du quotidien et procure forme et tonus pour e reste de la journ\u00e9e<\/p>\n<p>Conseils d&rsquo;utilisation<\/p>\n<p>Croquer 1 comprim\u00e9 le matin<\/p>\n","protected":false},"excerpt":{"rendered":"<p>Riche en vitamine C d&rsquo;origine naturelle, Ac\u00e9rola est id\u00e9al contre les coups de pompes<\/p>\n","protected":false},"featured_media":86327,"comment_status":"open","ping_status":"closed","template":"","meta":{"_joinchat":[]},"pwb-brand":[338],"product_cat":[388],"product_tag":[],"brands":[{"id":338,"name":"FORTE PHARMA","slug":"forte-pharma"}],"_links":{"self":[{"href":"https:\/\/santepara.ma\/index.php?rest_route=\/wp\/v2\/product\/86328"}],"collection":[{"href":"https:\/\/santepara.ma\/index.php?rest_route=\/wp\/v2\/product"}],"about":[{"href":"https:\/\/santepara.ma\/index.php?rest_route=\/wp\/v2\/types\/product"}],"replies":[{"embeddable":true,"href":"https:\/\/santepara.ma\/index.php?rest_route=%2Fwp%2Fv2%2Fcomments&post=86328"}],"wp:featuredmedia":[{"embeddable":true,"href":"https:\/\/santepara.ma\/index.php?rest_route=\/wp\/v2\/media\/86327"}],"wp:attachment":[{"href":"https:\/\/santepara.ma\/index.php?rest_route=%2Fwp%2Fv2%2Fmedia&parent=86328"}],"wp:term":[{"taxonomy":"pwb-brand","embeddable":true,"href":"https:\/\/santepara.ma\/index.php?rest_route=%2Fwp%2Fv2%2Fpwb-brand&post=86328"},{"taxonomy":"product_cat","embeddable":true,"href":"https:\/\/santepara.ma\/index.php?rest_route=%2Fwp%2Fv2%2Fproduct_cat&post=86328"},{"taxonomy":"product_tag","embeddable":true,"href":"https:\/\/santepara.ma\/index.php?rest_route=%2Fwp%2Fv2%2Fproduct_tag&post=86328"}],"curies":[{"name":"wp","href":"https:\/\/api.w.org\/{rel}","templated":true}]}}