{"id":86337,"date":"2023-08-08T23:58:53","date_gmt":"2023-08-08T22:58:53","guid":{"rendered":"https:\/\/santepara.ma\/?product=quasix-creme-30"},"modified":"2023-11-04T13:00:44","modified_gmt":"2023-11-04T12:00:44","slug":"quasix-creme-30","status":"publish","type":"product","link":"https:\/\/santepara.ma\/?product=quasix-creme-30","title":{"rendered":"Quasix creme 30"},"content":{"rendered":"<p>La cr\u00e8me anti-rougeurs Quasix est sp\u00e9cialement formul\u00e9e pour pr\u00e9venir et r\u00e9duire les rougeurs sur les peaux s\u00e8ches \u00e0 mixtes.<\/p>\n<p>Propri\u00e9t\u00e9s :<\/p>\n<p>R\u00e9duit et pr\u00e9vient les rougeurs.<\/p>\n<p>R\u00e9duit l&rsquo;inflammation.<\/p>\n<p>Soulage les irritations et les d\u00e9mangeaisons.<\/p>\n<p>Maintient un niveau d&rsquo;hydratation optimal.<\/p>\n<p>Restaure la barri\u00e8re cutan\u00e9e.<\/p>\n<p>Respecte l&rsquo;\u00e9quilibre cutan\u00e9 (pH 5,5).<\/p>\n","protected":false},"excerpt":{"rendered":"<p>Quasix cr\u00e8me anti-rougeur Se basant sur l\u2019extrait de Quassia, les chercheurs de LSI ont d\u00e9velopp\u00e9 une gamme de produits cosm\u00e9tiques sp\u00e9cialement con\u00e7ue pour les patients souffrant de rougeurs faciales et de rosac\u00e9e.<\/p>\n","protected":false},"featured_media":86336,"comment_status":"open","ping_status":"closed","template":"","meta":{"_joinchat":[]},"pwb-brand":[462],"product_cat":[101,191],"product_tag":[],"brands":[{"id":462,"name":"Lysa","slug":"lysa"}],"_links":{"self":[{"href":"https:\/\/santepara.ma\/index.php?rest_route=\/wp\/v2\/product\/86337"}],"collection":[{"href":"https:\/\/santepara.ma\/index.php?rest_route=\/wp\/v2\/product"}],"about":[{"href":"https:\/\/santepara.ma\/index.php?rest_route=\/wp\/v2\/types\/product"}],"replies":[{"embeddable":true,"href":"https:\/\/santepara.ma\/index.php?rest_route=%2Fwp%2Fv2%2Fcomments&post=86337"}],"wp:featuredmedia":[{"embeddable":true,"href":"https:\/\/santepara.ma\/index.php?rest_route=\/wp\/v2\/media\/86336"}],"wp:attachment":[{"href":"https:\/\/santepara.ma\/index.php?rest_route=%2Fwp%2Fv2%2Fmedia&parent=86337"}],"wp:term":[{"taxonomy":"pwb-brand","embeddable":true,"href":"https:\/\/santepara.ma\/index.php?rest_route=%2Fwp%2Fv2%2Fpwb-brand&post=86337"},{"taxonomy":"product_cat","embeddable":true,"href":"https:\/\/santepara.ma\/index.php?rest_route=%2Fwp%2Fv2%2Fproduct_cat&post=86337"},{"taxonomy":"product_tag","embeddable":true,"href":"https:\/\/santepara.ma\/index.php?rest_route=%2Fwp%2Fv2%2Fproduct_tag&post=86337"}],"curies":[{"name":"wp","href":"https:\/\/api.w.org\/{rel}","templated":true}]}}