{"id":86339,"date":"2023-08-08T23:58:57","date_gmt":"2023-08-08T22:58:57","guid":{"rendered":"https:\/\/santepara.ma\/?product=magiclear-serum-clarifiant-action-rapide-30ml"},"modified":"2024-04-02T15:30:59","modified_gmt":"2024-04-02T14:30:59","slug":"magiclear-serum-clarifiant-action-rapide-30ml","status":"publish","type":"product","link":"https:\/\/santepara.ma\/?product=magiclear-serum-clarifiant-action-rapide-30ml","title":{"rendered":"Magiclear S\u00e9rum Clarifiant Action Rapide 30ML"},"content":{"rendered":"<p>Ce traitement complet et intensif procure un teint parfaitement unifi\u00e9 et \u00e9clairci. Grace \u00e0 sa double action anti-tache et anti-\u00e2ge, ce s\u00e9rum hautement concentr\u00e9:<\/p>\n<ul>\n<li>Augmente la r\u00e9g\u00e9n\u00e9ration cellulaire.<\/li>\n<li>Elimine les cellules tr\u00e8s pigment\u00e9es.<\/li>\n<li>Stimule la synth\u00e8se du collag\u00e8ne.<\/li>\n<li>A des effets antioxydants, anti-inflammatoires et purifiants.<\/li>\n<\/ul>\n<p>Contient les vitamine B3 et C, des extraits de th\u00e9 vert, de m\u00fbrier blanc et de r\u00e9glisse.<\/p>\n<p><strong><strong>Conseils d&rsquo;Utilisation : <\/strong> <\/strong><\/p>\n<p>Appliquer matin et soir, sur une peau bien nettoy\u00e9e et s\u00e9ch\u00e9e.<\/p>\n<p>Pour le traitement \u00e9claircissant, il est conseill\u00e9 d&rsquo;utiliser, dans cet ordre: le Nettoyant Action Double, la Lotion Tonique Anti-Spot, le S\u00e9rum Clarifiant Action Rapide (en insistant bien sur les taches!), le Gel Clarifiant Action Rapide, la Cr\u00e8me Clarifiante Action Rapide.<\/p>\n<p>Pour le traitement anti-\u00e2ge, il est conseill\u00e9 d&rsquo;utiliser, dans cet ordre: le Nettoyant Action Double, la Lotion Anti-Spot, le S\u00e9rum Clarifiant Action Rapide, la Cr\u00e8me de Jour respectivement de Nuit Anti-Age.<\/p>\n","protected":false},"excerpt":{"rendered":"<p>Ce traitement complet et intensif procure un teint parfaitement unifi\u00e9 et \u00e9clairci. Grace \u00e0 sa double action anti-tache et anti-\u00e2ge,<\/p>\n","protected":false},"featured_media":86338,"comment_status":"open","ping_status":"closed","template":"","meta":{"_joinchat":[]},"pwb-brand":[461],"product_cat":[126],"product_tag":[],"brands":[{"id":461,"name":"MAGICLEAR","slug":"magiclear"}],"_links":{"self":[{"href":"https:\/\/santepara.ma\/index.php?rest_route=\/wp\/v2\/product\/86339"}],"collection":[{"href":"https:\/\/santepara.ma\/index.php?rest_route=\/wp\/v2\/product"}],"about":[{"href":"https:\/\/santepara.ma\/index.php?rest_route=\/wp\/v2\/types\/product"}],"replies":[{"embeddable":true,"href":"https:\/\/santepara.ma\/index.php?rest_route=%2Fwp%2Fv2%2Fcomments&post=86339"}],"wp:featuredmedia":[{"embeddable":true,"href":"https:\/\/santepara.ma\/index.php?rest_route=\/wp\/v2\/media\/86338"}],"wp:attachment":[{"href":"https:\/\/santepara.ma\/index.php?rest_route=%2Fwp%2Fv2%2Fmedia&parent=86339"}],"wp:term":[{"taxonomy":"pwb-brand","embeddable":true,"href":"https:\/\/santepara.ma\/index.php?rest_route=%2Fwp%2Fv2%2Fpwb-brand&post=86339"},{"taxonomy":"product_cat","embeddable":true,"href":"https:\/\/santepara.ma\/index.php?rest_route=%2Fwp%2Fv2%2Fproduct_cat&post=86339"},{"taxonomy":"product_tag","embeddable":true,"href":"https:\/\/santepara.ma\/index.php?rest_route=%2Fwp%2Fv2%2Fproduct_tag&post=86339"}],"curies":[{"name":"wp","href":"https:\/\/api.w.org\/{rel}","templated":true}]}}