{"id":86358,"date":"2023-08-08T23:59:00","date_gmt":"2023-08-08T22:59:00","guid":{"rendered":"https:\/\/santepara.ma\/?product=roge-cavailles-dermo-uht-creme-lavante-surgras-500ml"},"modified":"2023-11-04T13:00:45","modified_gmt":"2023-11-04T12:00:45","slug":"roge-cavailles-dermo-uht-creme-lavante-surgras-500ml","status":"publish","type":"product","link":"https:\/\/santepara.ma\/?product=roge-cavailles-dermo-uht-creme-lavante-surgras-500ml","title":{"rendered":"ROGE CAVAILLES DERMO UHT CR\u00c8ME LAVANTE SURGRAS 500ML"},"content":{"rendered":"<p>Sp\u00e9cialement formul\u00e9e pour les peaux s\u00e8ches \u00e0 tr\u00e8s s\u00e8ches, cette Cr\u00e8me Lavante Surgras pour Peaux Tr\u00e8s S\u00e8ches et Atopiques assure un respect et une protection optimale.<\/p>\n<p>D\u00e9velopp\u00e9 avec des dermatologues, ce Soin Peau Atopique ne contient que des ingr\u00e9dients s\u00e9lectionn\u00e9s avec attention, notamment des agents lavants choisis pour leur douceur.<\/p>\n<p>Gr\u00e2ce au complexe Dermo-U.H.T. associ\u00e9 au Beurre d\u2019Illip\u00e9 riche en acides gras naturels, cette Cr\u00e8me pour Peaux Tr\u00e8s S\u00e8ches et Atopiques fond sur la peau et aide \u00e0 prot\u00e9ger efficacement du dess\u00e8chement cutan\u00e9.<\/p>\n<p>Ce complexe garantit une hydratation imm\u00e9diate et de longue dur\u00e9e.(1) Jour apr\u00e8s jour, la peau est nourrie et plus confortable.<\/p>\n<p><strong><strong>Conseils d&rsquo;Utilisation : <\/strong> <\/strong><\/p>\n<p>Appliquez la Cr\u00e8me pour Peaux Tr\u00e8s S\u00e8ches et Atopiques sur votre peau pr\u00e9alablement mouill\u00e9e puis rincez d\u00e9licatement. S\u00e9chez votre peau sans frotter pour \u00e9viter de l\u2019irriter.<\/p>\n<p>(1) Hydratation imm\u00e9diate \u2013 \u00e9tude clinique de l\u2019hydratation (par corn\u00e9om\u00e9trie) sur 20 volontaires \u2013 mesure \u00e0 5 min, 1h et 2h apr\u00e8s application et rin\u00e7age.<\/p>\n","protected":false},"excerpt":{"rendered":"<p>Sp\u00e9cialement formul\u00e9e pour les peaux s\u00e8ches \u00e0 tr\u00e8s s\u00e8ches, cette Cr\u00e8me Lavante Surgras pour Peaux Tr\u00e8s S\u00e8ches et Atopiques assure<\/p>\n","protected":false},"featured_media":86357,"comment_status":"open","ping_status":"closed","template":"","meta":{"_joinchat":[]},"pwb-brand":[451],"product_cat":[98,92],"product_tag":[],"brands":[{"id":451,"name":"ROGE CAVAILLES","slug":"roge-cavailles"}],"_links":{"self":[{"href":"https:\/\/santepara.ma\/index.php?rest_route=\/wp\/v2\/product\/86358"}],"collection":[{"href":"https:\/\/santepara.ma\/index.php?rest_route=\/wp\/v2\/product"}],"about":[{"href":"https:\/\/santepara.ma\/index.php?rest_route=\/wp\/v2\/types\/product"}],"replies":[{"embeddable":true,"href":"https:\/\/santepara.ma\/index.php?rest_route=%2Fwp%2Fv2%2Fcomments&post=86358"}],"wp:featuredmedia":[{"embeddable":true,"href":"https:\/\/santepara.ma\/index.php?rest_route=\/wp\/v2\/media\/86357"}],"wp:attachment":[{"href":"https:\/\/santepara.ma\/index.php?rest_route=%2Fwp%2Fv2%2Fmedia&parent=86358"}],"wp:term":[{"taxonomy":"pwb-brand","embeddable":true,"href":"https:\/\/santepara.ma\/index.php?rest_route=%2Fwp%2Fv2%2Fpwb-brand&post=86358"},{"taxonomy":"product_cat","embeddable":true,"href":"https:\/\/santepara.ma\/index.php?rest_route=%2Fwp%2Fv2%2Fproduct_cat&post=86358"},{"taxonomy":"product_tag","embeddable":true,"href":"https:\/\/santepara.ma\/index.php?rest_route=%2Fwp%2Fv2%2Fproduct_tag&post=86358"}],"curies":[{"name":"wp","href":"https:\/\/api.w.org\/{rel}","templated":true}]}}