{"id":86360,"date":"2023-08-08T23:59:01","date_gmt":"2023-08-08T22:59:01","guid":{"rendered":"https:\/\/santepara.ma\/?product=roge-cavailles-dermo-uht-huile-lavante-surgras-500ml"},"modified":"2023-11-04T13:00:45","modified_gmt":"2023-11-04T12:00:45","slug":"roge-cavailles-dermo-uht-huile-lavante-surgras-500ml","status":"publish","type":"product","link":"https:\/\/santepara.ma\/?product=roge-cavailles-dermo-uht-huile-lavante-surgras-500ml","title":{"rendered":"ROGE CAVAILLES DERMO UHT HUILE LAVANTE SURGRAS 500ML"},"content":{"rendered":"<p>Sp\u00e9cialement formul\u00e9e pour les peaux tr\u00e8s s\u00e8ches \u00e0 atopiques, cette Huile Lavante Surgras pour Peaux Atopiques assure un respect et une protection optimale.<\/p>\n<p>D\u00e9velopp\u00e9e avec des dermatologues, cette Huile Lavante Peaux Atopiques ne contient que des ingr\u00e9dients s\u00e9lectionn\u00e9s avec attention, notamment des agents lavants choisis pour leur douceur. Gr\u00e2ce aux ingr\u00e9dients du complexe Dermo-U.H.T. concentr\u00e9s \u00e0 15% et \u00e0 des actifs apaisants puissants, cette Huile de Douche pour Peaux Atopiques aide \u00e0 restaurer et \u00e0 soulager la peau des d\u00e9mangeaisons.<\/p>\n<p>Des actifs apaisants puissants : -50% des rougeurs d\u00e8s 2 jours(1) ! Jour apr\u00e8s jour, la peau est apais\u00e9e et plus confortable.<\/p>\n<p><strong><strong>Conseils d&rsquo;Utilisation : <\/strong> <\/strong><\/p>\n<p>Appliquez l\u2019Huile Lavante Peau Atopique sur votre peau pr\u00e9alablement mouill\u00e9e puis rincez d\u00e9licatement. S\u00e9chez votre peau sans frotter pour \u00e9viter de l\u2019irriter.(1) Action des actifs apaisants pr\u00e9sents dans l\u2019Huile lavante surgras. \u00c9tude in vivo sur 20 patients. R\u00e9duction de l\u2019\u00e9ryth\u00e8me suite au traitement au SDS, apr\u00e8s 2 jours d\u2019application, 2 applications par jour.<\/p>\n","protected":false},"excerpt":{"rendered":"<p>Sp\u00e9cialement formul\u00e9e pour les peaux tr\u00e8s s\u00e8ches \u00e0 atopiques, cette Huile Lavante Surgras pour Peaux Atopiques assure un respect et<\/p>\n","protected":false},"featured_media":86359,"comment_status":"open","ping_status":"closed","template":"","meta":{"_joinchat":[]},"pwb-brand":[451],"product_cat":[98,92],"product_tag":[],"brands":[{"id":451,"name":"ROGE CAVAILLES","slug":"roge-cavailles"}],"_links":{"self":[{"href":"https:\/\/santepara.ma\/index.php?rest_route=\/wp\/v2\/product\/86360"}],"collection":[{"href":"https:\/\/santepara.ma\/index.php?rest_route=\/wp\/v2\/product"}],"about":[{"href":"https:\/\/santepara.ma\/index.php?rest_route=\/wp\/v2\/types\/product"}],"replies":[{"embeddable":true,"href":"https:\/\/santepara.ma\/index.php?rest_route=%2Fwp%2Fv2%2Fcomments&post=86360"}],"wp:featuredmedia":[{"embeddable":true,"href":"https:\/\/santepara.ma\/index.php?rest_route=\/wp\/v2\/media\/86359"}],"wp:attachment":[{"href":"https:\/\/santepara.ma\/index.php?rest_route=%2Fwp%2Fv2%2Fmedia&parent=86360"}],"wp:term":[{"taxonomy":"pwb-brand","embeddable":true,"href":"https:\/\/santepara.ma\/index.php?rest_route=%2Fwp%2Fv2%2Fpwb-brand&post=86360"},{"taxonomy":"product_cat","embeddable":true,"href":"https:\/\/santepara.ma\/index.php?rest_route=%2Fwp%2Fv2%2Fproduct_cat&post=86360"},{"taxonomy":"product_tag","embeddable":true,"href":"https:\/\/santepara.ma\/index.php?rest_route=%2Fwp%2Fv2%2Fproduct_tag&post=86360"}],"curies":[{"name":"wp","href":"https:\/\/api.w.org\/{rel}","templated":true}]}}