{"id":86391,"date":"2023-08-08T23:59:06","date_gmt":"2023-08-08T22:59:06","guid":{"rendered":"https:\/\/santepara.ma\/?product=erayba-nutriactive-n11-hyaluronic-velvet"},"modified":"2023-11-04T13:00:48","modified_gmt":"2023-11-04T12:00:48","slug":"erayba-nutriactive-n11-hyaluronic-velvet","status":"publish","type":"product","link":"https:\/\/santepara.ma\/?product=erayba-nutriactive-n11-hyaluronic-velvet","title":{"rendered":"Erayba Nutriactive N11 hyaluronic velvet"},"content":{"rendered":"<p>Cr\u00e8me-gel hyaluronique. Soin anti-\u00e2ge, nutrition et hydratations intenses. Pour cheveux ab\u00eem\u00e9s ou secs. Sans rin\u00e7age. Les cheveux retrouvent douceur, souplesse et brillance. Facilite imm\u00e9diatement le coiffage. Restaure la porosit\u00e9 du cheveu et revitaise la fibre capillaire.<\/p>\n<p><strong><strong>Conseils d&rsquo;Utilisation : <\/strong> <\/strong><\/p>\n<p>Laver et s\u00e9cher les cheveux \u00e0 lma serviette. Appliquer plusieurs pressions dans le creux de la main et bien r\u00e9partir le produit du bout des doights sur toute la longueur et les pointes de la chevelure, passer le peigne, puis s\u00e9cher. Ne pas rincer.<\/p>\n","protected":false},"excerpt":{"rendered":"<p>Cr\u00e8me-gel hyaluronique. Soin anti-\u00e2ge, nutrition et hydratations intenses. Pour cheveux ab\u00eem\u00e9s ou secs. Sans rin\u00e7age. Les cheveux retrouvent douceur, souplesse<\/p>\n","protected":false},"featured_media":86390,"comment_status":"open","ping_status":"closed","template":"","meta":{"_joinchat":[]},"pwb-brand":[466],"product_cat":[143],"product_tag":[],"brands":[{"id":466,"name":"ERAYBA","slug":"erayba"}],"_links":{"self":[{"href":"https:\/\/santepara.ma\/index.php?rest_route=\/wp\/v2\/product\/86391"}],"collection":[{"href":"https:\/\/santepara.ma\/index.php?rest_route=\/wp\/v2\/product"}],"about":[{"href":"https:\/\/santepara.ma\/index.php?rest_route=\/wp\/v2\/types\/product"}],"replies":[{"embeddable":true,"href":"https:\/\/santepara.ma\/index.php?rest_route=%2Fwp%2Fv2%2Fcomments&post=86391"}],"wp:featuredmedia":[{"embeddable":true,"href":"https:\/\/santepara.ma\/index.php?rest_route=\/wp\/v2\/media\/86390"}],"wp:attachment":[{"href":"https:\/\/santepara.ma\/index.php?rest_route=%2Fwp%2Fv2%2Fmedia&parent=86391"}],"wp:term":[{"taxonomy":"pwb-brand","embeddable":true,"href":"https:\/\/santepara.ma\/index.php?rest_route=%2Fwp%2Fv2%2Fpwb-brand&post=86391"},{"taxonomy":"product_cat","embeddable":true,"href":"https:\/\/santepara.ma\/index.php?rest_route=%2Fwp%2Fv2%2Fproduct_cat&post=86391"},{"taxonomy":"product_tag","embeddable":true,"href":"https:\/\/santepara.ma\/index.php?rest_route=%2Fwp%2Fv2%2Fproduct_tag&post=86391"}],"curies":[{"name":"wp","href":"https:\/\/api.w.org\/{rel}","templated":true}]}}