{"id":86677,"date":"2023-08-09T00:00:17","date_gmt":"2023-08-08T23:00:17","guid":{"rendered":"https:\/\/santepara.ma\/?product=placentor-creme-solaire-teinte-spf50-40ml"},"modified":"2023-11-04T13:01:03","modified_gmt":"2023-11-04T12:01:03","slug":"placentor-creme-solaire-teinte-spf50-40ml","status":"publish","type":"product","link":"https:\/\/santepara.ma\/?product=placentor-creme-solaire-teinte-spf50-40ml","title":{"rendered":"Placentor creme solaire teinte spf50 40ml"},"content":{"rendered":"<p>DESCRIPTION :<\/p>\n<div id=\"tabs-1\">\n<p>La Cr\u00e8me solaire teint\u00e9e SPF 50+ prot\u00e8ge efficacement la peau des UVA et UVB, des coups de soleil, de l\u2019apparition des taches brunes et du vieillissement pr\u00e9matur\u00e9. L\u00e9g\u00e8rement teint\u00e9e, elle s\u2019adapte \u00e0 toutes les nuances de peaux pour un fini naturel. Id\u00e9al pour les peaux sensibles et\/ou les peaux expos\u00e9es \u00e0 un ensoleillement extr\u00eame.<\/p>\n<p>Hypoallerg\u00e9nique* \u2013 Sans parfum<\/p>\n<\/div>\n<div id=\"tabs-2\" class=\"hidescale\">\n<p>&nbsp;<\/p>\n<\/div>\n<div id=\"tabs-3\" class=\"hidescale\"><\/div>\n<div id=\"tabs-4\" class=\"hidescale\">\n<p>&nbsp;<\/p>\n<\/div>\n","protected":false},"excerpt":{"rendered":"<p>La Cr\u00e8me solaire teint\u00e9e SPF 50+ prot\u00e8ge parfaitement la peau. H\u00e2le naturel.<\/p>\n","protected":false},"featured_media":86676,"comment_status":"open","ping_status":"closed","template":"","meta":{"_joinchat":[]},"pwb-brand":[485],"product_cat":[180],"product_tag":[],"brands":[{"id":485,"name":"Placentor","slug":"placentor"}],"_links":{"self":[{"href":"https:\/\/santepara.ma\/index.php?rest_route=\/wp\/v2\/product\/86677"}],"collection":[{"href":"https:\/\/santepara.ma\/index.php?rest_route=\/wp\/v2\/product"}],"about":[{"href":"https:\/\/santepara.ma\/index.php?rest_route=\/wp\/v2\/types\/product"}],"replies":[{"embeddable":true,"href":"https:\/\/santepara.ma\/index.php?rest_route=%2Fwp%2Fv2%2Fcomments&post=86677"}],"wp:featuredmedia":[{"embeddable":true,"href":"https:\/\/santepara.ma\/index.php?rest_route=\/wp\/v2\/media\/86676"}],"wp:attachment":[{"href":"https:\/\/santepara.ma\/index.php?rest_route=%2Fwp%2Fv2%2Fmedia&parent=86677"}],"wp:term":[{"taxonomy":"pwb-brand","embeddable":true,"href":"https:\/\/santepara.ma\/index.php?rest_route=%2Fwp%2Fv2%2Fpwb-brand&post=86677"},{"taxonomy":"product_cat","embeddable":true,"href":"https:\/\/santepara.ma\/index.php?rest_route=%2Fwp%2Fv2%2Fproduct_cat&post=86677"},{"taxonomy":"product_tag","embeddable":true,"href":"https:\/\/santepara.ma\/index.php?rest_route=%2Fwp%2Fv2%2Fproduct_tag&post=86677"}],"curies":[{"name":"wp","href":"https:\/\/api.w.org\/{rel}","templated":true}]}}