{"id":86681,"date":"2023-08-09T00:00:18","date_gmt":"2023-08-08T23:00:18","guid":{"rendered":"https:\/\/santepara.ma\/?product=placentor-masque-integral-anti-age-1unite"},"modified":"2023-11-04T13:01:03","modified_gmt":"2023-11-04T12:01:03","slug":"placentor-masque-integral-anti-age-1unite","status":"publish","type":"product","link":"https:\/\/santepara.ma\/?product=placentor-masque-integral-anti-age-1unite","title":{"rendered":"Placentor masque integral anti-age 1unite"},"content":{"rendered":"<p>DESCRIPTION :<\/p>\n<div id=\"tabs-1\">\n<p>Le Masque int\u00e9gral anti-\u00e2ge est un masque tissu doux, pr\u00eat \u00e0 l\u2019emploi, imbib\u00e9 d\u2019un gel riche en actifs v\u00e9g\u00e9taux aux propri\u00e9t\u00e9s<\/p>\n<p>anti-\u00e2ge.<\/p>\n<p>Produit cosm\u00e9tique pouvant \u00eatre recommand\u00e9 en compl\u00e9ment de soins esth\u00e9tiques ou dermatologiques. Demandez conseil \u00e0 votre dermatologue ou m\u00e9decin-esth\u00e9tique.<\/p>\n<p>&nbsp;<\/p>\n<\/div>\n<div id=\"tabs-2\" class=\"hidescale\"><\/div>\n<div id=\"tabs-3\" class=\"hidescale\">\n<p>&nbsp;<\/p>\n<\/div>\n","protected":false},"excerpt":{"rendered":"<div id=\"tabs-2\" class=\"hidescale\">\n<p><strong>D\u00e8s la 1\u00e8re application* du Masque anti-\u00e2ge :<\/strong><\/p>\n<ul>\n<li>\u2013 R\u00e9duction des rides 53,8%<\/li>\n<li>\u2013 Fermet\u00e9 et \u00e9clat : 73,1%<\/li>\n<li>\u2013 R\u00e9hydratation 86,6%<\/li>\n<\/ul>\n<\/div>\n<div id=\"tabs-3\" class=\"hidescale\">\n<p>&nbsp;<\/p>\n<\/div>\n","protected":false},"featured_media":86680,"comment_status":"open","ping_status":"closed","template":"","meta":{"_joinchat":[]},"pwb-brand":[485],"product_cat":[109,95,132],"product_tag":[],"brands":[{"id":485,"name":"Placentor","slug":"placentor"}],"_links":{"self":[{"href":"https:\/\/santepara.ma\/index.php?rest_route=\/wp\/v2\/product\/86681"}],"collection":[{"href":"https:\/\/santepara.ma\/index.php?rest_route=\/wp\/v2\/product"}],"about":[{"href":"https:\/\/santepara.ma\/index.php?rest_route=\/wp\/v2\/types\/product"}],"replies":[{"embeddable":true,"href":"https:\/\/santepara.ma\/index.php?rest_route=%2Fwp%2Fv2%2Fcomments&post=86681"}],"wp:featuredmedia":[{"embeddable":true,"href":"https:\/\/santepara.ma\/index.php?rest_route=\/wp\/v2\/media\/86680"}],"wp:attachment":[{"href":"https:\/\/santepara.ma\/index.php?rest_route=%2Fwp%2Fv2%2Fmedia&parent=86681"}],"wp:term":[{"taxonomy":"pwb-brand","embeddable":true,"href":"https:\/\/santepara.ma\/index.php?rest_route=%2Fwp%2Fv2%2Fpwb-brand&post=86681"},{"taxonomy":"product_cat","embeddable":true,"href":"https:\/\/santepara.ma\/index.php?rest_route=%2Fwp%2Fv2%2Fproduct_cat&post=86681"},{"taxonomy":"product_tag","embeddable":true,"href":"https:\/\/santepara.ma\/index.php?rest_route=%2Fwp%2Fv2%2Fproduct_tag&post=86681"}],"curies":[{"name":"wp","href":"https:\/\/api.w.org\/{rel}","templated":true}]}}