{"id":86694,"date":"2023-08-09T00:00:20","date_gmt":"2023-08-08T23:00:20","guid":{"rendered":"https:\/\/santepara.ma\/?product=placentor-solution-micellaire-400ml"},"modified":"2023-11-04T13:01:04","modified_gmt":"2023-11-04T12:01:04","slug":"placentor-solution-micellaire-400ml","status":"publish","type":"product","link":"https:\/\/santepara.ma\/?product=placentor-solution-micellaire-400ml","title":{"rendered":"Placentor solution micellaire 400ML"},"content":{"rendered":"<p>DESCRIPTION :<\/p>\n<p>Placentor V\u00e9g\u00e9tal Solution Micellaire Apaisante Pour Peaux Sensibles 400 ml est une solution qui \u00e9limine en douceur les impuret\u00e9s et le maquillage, m\u00eame waterproof. Sa formule adapt\u00e9e aux peaux sensibles apaise imm\u00e9diatement les sensations d&rsquo;inconfort : irritations, tiraillements, rougeurs. L&rsquo;eau de bleuet associ\u00e9e \u00e0 l&rsquo;extrait de concombre rafra\u00eechit et d\u00e9fatigue le contour des yeux. Actifs de r\u00e9f\u00e9rence en dermatologie, le panthenol et l&rsquo;allanto\u00efne hydratent et adoucissent les peaux d\u00e9licates. Au fil des utilisations, la sensibilit\u00e9 de la peau diminue.<\/p>\n<p>Son efficacit\u00e9 a \u00e9t\u00e9 prouv\u00e9e* :<\/p>\n<p>&#8211; excellent pouvoir d\u00e9maquillant : 95%<\/p>\n<p>&#8211; peau confortable toute la journ\u00e9e : 100%<\/p>\n<p>&#8211; effet d\u00e9congestionnant des yeux : 95%.<\/p>\n<p>* Test de satisfaction sur 20 volontaires ayant la peau sensible apr\u00e8s 21 jours d&rsquo;utilisation biquotidienne.<\/p>\n<p>Tol\u00e9rance test\u00e9e sous contr\u00f4le dermatologique et ophtalmologique.<\/p>\n","protected":false},"excerpt":{"rendered":"<p>Cette solution micellaire \u00e9limine en douceur les impuret\u00e9s et le maquillage, m\u00eame waterproof.<\/p>\n<p>Sa formule adapt\u00e9e aux peaux sensibles apaise imm\u00e9diatement les sensations d&rsquo;inconfort : irritations, tiraillements, rougeurs&#8230;<\/p>\n","protected":false},"featured_media":86693,"comment_status":"open","ping_status":"closed","template":"","meta":{"_joinchat":[]},"pwb-brand":[485],"product_cat":[104,95],"product_tag":[],"brands":[{"id":485,"name":"Placentor","slug":"placentor"}],"_links":{"self":[{"href":"https:\/\/santepara.ma\/index.php?rest_route=\/wp\/v2\/product\/86694"}],"collection":[{"href":"https:\/\/santepara.ma\/index.php?rest_route=\/wp\/v2\/product"}],"about":[{"href":"https:\/\/santepara.ma\/index.php?rest_route=\/wp\/v2\/types\/product"}],"replies":[{"embeddable":true,"href":"https:\/\/santepara.ma\/index.php?rest_route=%2Fwp%2Fv2%2Fcomments&post=86694"}],"wp:featuredmedia":[{"embeddable":true,"href":"https:\/\/santepara.ma\/index.php?rest_route=\/wp\/v2\/media\/86693"}],"wp:attachment":[{"href":"https:\/\/santepara.ma\/index.php?rest_route=%2Fwp%2Fv2%2Fmedia&parent=86694"}],"wp:term":[{"taxonomy":"pwb-brand","embeddable":true,"href":"https:\/\/santepara.ma\/index.php?rest_route=%2Fwp%2Fv2%2Fpwb-brand&post=86694"},{"taxonomy":"product_cat","embeddable":true,"href":"https:\/\/santepara.ma\/index.php?rest_route=%2Fwp%2Fv2%2Fproduct_cat&post=86694"},{"taxonomy":"product_tag","embeddable":true,"href":"https:\/\/santepara.ma\/index.php?rest_route=%2Fwp%2Fv2%2Fproduct_tag&post=86694"}],"curies":[{"name":"wp","href":"https:\/\/api.w.org\/{rel}","templated":true}]}}