{"id":86708,"date":"2023-08-09T00:00:26","date_gmt":"2023-08-08T23:00:26","guid":{"rendered":"https:\/\/santepara.ma\/?product=placentor-creme-texture-legere-anti-age-50ml"},"modified":"2024-07-09T17:06:01","modified_gmt":"2024-07-09T16:06:01","slug":"placentor-creme-texture-legere-anti-age-50ml","status":"publish","type":"product","link":"https:\/\/santepara.ma\/?product=placentor-creme-texture-legere-anti-age-50ml","title":{"rendered":"Placentor creme Texture legere anti-age 50Ml"},"content":{"rendered":"<p>DESCRIPTION :<\/p>\n<p>Placentor V\u00e9g\u00e9tal Cr\u00e8me Structurante Anti-Age Texture L\u00e9g\u00e8re 50 ml est une cr\u00e8me \u00e0 la texture l\u00e9g\u00e8re qui p\u00e9n\u00e8tre rapidement et convient en soin de jour comme de nuit. Elle apporte une action anti-\u00e2ge globale : le collag\u00e8ne marin apporte fermet\u00e9 et tonicit\u00e9 \u00e0 la peau tandis que les bourgeons d&rsquo;\u00e9glantier stimulent la r\u00e9g\u00e9n\u00e9ration des tissus. Sa concentration en Placenta V\u00e9g\u00e9tal favorise la pr\u00e9vention et l&rsquo;att\u00e9nuation des rides. Elle convient aux peaux sensibles.<\/p>\n","protected":false},"excerpt":{"rendered":"<p>Cette cr\u00e8me structurante \u00e0 la texture l\u00e9g\u00e8re p\u00e9n\u00e8tre rapidement et convient en soin de jour comme de nuit, elle apport un action anti-\u00e2ge globale: le collag\u00e8ne marin apporte fermet\u00e9 et tonicit\u00e9 \u00e0 la peau tandis que les bourgeon d&rsquo;\u00e9glantier stimulent \u00a0la r\u00e9g\u00e9n\u00e9ration des tissus.<\/p>\n","protected":false},"featured_media":86707,"comment_status":"open","ping_status":"closed","template":"","meta":{"_joinchat":[]},"pwb-brand":[485],"product_cat":[101,132],"product_tag":[],"brands":[{"id":485,"name":"Placentor","slug":"placentor"}],"_links":{"self":[{"href":"https:\/\/santepara.ma\/index.php?rest_route=\/wp\/v2\/product\/86708"}],"collection":[{"href":"https:\/\/santepara.ma\/index.php?rest_route=\/wp\/v2\/product"}],"about":[{"href":"https:\/\/santepara.ma\/index.php?rest_route=\/wp\/v2\/types\/product"}],"replies":[{"embeddable":true,"href":"https:\/\/santepara.ma\/index.php?rest_route=%2Fwp%2Fv2%2Fcomments&post=86708"}],"wp:featuredmedia":[{"embeddable":true,"href":"https:\/\/santepara.ma\/index.php?rest_route=\/wp\/v2\/media\/86707"}],"wp:attachment":[{"href":"https:\/\/santepara.ma\/index.php?rest_route=%2Fwp%2Fv2%2Fmedia&parent=86708"}],"wp:term":[{"taxonomy":"pwb-brand","embeddable":true,"href":"https:\/\/santepara.ma\/index.php?rest_route=%2Fwp%2Fv2%2Fpwb-brand&post=86708"},{"taxonomy":"product_cat","embeddable":true,"href":"https:\/\/santepara.ma\/index.php?rest_route=%2Fwp%2Fv2%2Fproduct_cat&post=86708"},{"taxonomy":"product_tag","embeddable":true,"href":"https:\/\/santepara.ma\/index.php?rest_route=%2Fwp%2Fv2%2Fproduct_tag&post=86708"}],"curies":[{"name":"wp","href":"https:\/\/api.w.org\/{rel}","templated":true}]}}