{"id":86776,"date":"2023-08-09T00:00:46","date_gmt":"2023-08-08T23:00:46","guid":{"rendered":"https:\/\/santepara.ma\/?product=forcapil-cheveux-et-ongles-180-gelules"},"modified":"2024-06-01T11:01:34","modified_gmt":"2024-06-01T10:01:34","slug":"forcapil-cheveux-et-ongles-180-gelules","status":"publish","type":"product","link":"https:\/\/santepara.ma\/?product=forcapil-cheveux-et-ongles-180-gelules","title":{"rendered":"Forcapil Cheveux Et Ongles &#8211; 180 Gelules"},"content":{"rendered":"<p>Description<\/p>\n<p>Le cheveu est principalement constitu\u00e9 de k\u00e9ratine, prot\u00e9ine qui lui conf\u00e8re \u00e9lasticit\u00e9, r\u00e9sistance et brillance. Elle est synth\u00e9tis\u00e9e \u00e0 partir des acides amin\u00e9s soufr\u00e9s, la cystine et la m\u00e9thionine, sous l\u2019action du zinc et des vitamines du groupe B. La k\u00e9ratine est \u00e9galement un constituant majeur de l\u2019ongle.<\/p>\n<p>\u00c9lu comme \u00e9tant \u00ab Le produit pr\u00e9f\u00e9r\u00e9 des Fran\u00e7ais \u00bb*, Forcapil\u00ae contient des acides amin\u00e9s soufr\u00e9s (cystine et m\u00e9thionine), des vitamines et des min\u00e9raux rigoureusement s\u00e9lectionn\u00e9s par les experts des laboratoires Arkopharma. Une formule compl\u00e8te pour vos ongles et vos cheveux !<\/p>\n<p>&#8211; Le zinc contribue \u00e0 la synth\u00e8se normale des prot\u00e9ines, comme la k\u00e9ratine, ainsi qu&rsquo;\u00e0 conserver de beaux ongles.<\/p>\n<p>&#8211; La vitamine B8 contribue au maintien de cheveux en bonne sant\u00e9, souples, brillants et r\u00e9sistants.<\/p>\n<p>&#8211; La vitamine B9 contribue \u00e0 la synth\u00e8se normale des acides amin\u00e9s La vitamine B6 contribue \u00e0 la synth\u00e8se normale de la cyst\u00e9ine, qui est elle-m\u00eame utilis\u00e9e pour fabriquer de la cystine. La vitamine B6 contribue \u00e9galement au m\u00e9tabolisme normal des prot\u00e9ines.<\/p>\n<p>Conseils d&rsquo;utilisation<\/p>\n<p>Il est conseill\u00e9 de prendre 2 g\u00e9lules par jour le matin \u00e0 avaler avec un grand verre d&rsquo;eau de pr\u00e9f\u00e9rence durant le repas. Programme de 2 \u00e0 4 mois.<\/p>\n<p>Composition<\/p>\n<p>L-CYSTINE &#8211; AGENT DE CHARGE : CELLULOSE &#8211; L-METHIONINE &#8211; VITAMINE B5 &#8211; OXYDE DE ZINC &#8211; ANTIAGGLOMERANT : STEARATE DE MAGNESIUM &#8211; VITAMINE B6 &#8211; VITAMINE D3 &#8211; VITAMINE B8 (BIOTINE) &#8211; VITAMINE B9. ENVELOPPE : GELATINE &#8211; COLORANTS : DIOXYDE DE TITANE, OXYDE DE FER.<\/p>\n","protected":false},"excerpt":{"rendered":"<p>Des cheveux ternes et sans volume ? Des cheveux et des ongles cassants ? Forcapil\u00ae, formule fortifiante est une association d\u2019actifs qui apporte Force, Vitalit\u00e9 et Brillance \u00e0 vos cheveux et vos ongles.<\/p>\n","protected":false},"featured_media":85401,"comment_status":"open","ping_status":"closed","template":"","meta":{"_joinchat":[]},"pwb-brand":[383],"product_cat":[223,218],"product_tag":[],"brands":[{"id":383,"name":"ARKOPHARMA","slug":"arkopharma"}],"_links":{"self":[{"href":"https:\/\/santepara.ma\/index.php?rest_route=\/wp\/v2\/product\/86776"}],"collection":[{"href":"https:\/\/santepara.ma\/index.php?rest_route=\/wp\/v2\/product"}],"about":[{"href":"https:\/\/santepara.ma\/index.php?rest_route=\/wp\/v2\/types\/product"}],"replies":[{"embeddable":true,"href":"https:\/\/santepara.ma\/index.php?rest_route=%2Fwp%2Fv2%2Fcomments&post=86776"}],"wp:featuredmedia":[{"embeddable":true,"href":"https:\/\/santepara.ma\/index.php?rest_route=\/wp\/v2\/media\/85401"}],"wp:attachment":[{"href":"https:\/\/santepara.ma\/index.php?rest_route=%2Fwp%2Fv2%2Fmedia&parent=86776"}],"wp:term":[{"taxonomy":"pwb-brand","embeddable":true,"href":"https:\/\/santepara.ma\/index.php?rest_route=%2Fwp%2Fv2%2Fpwb-brand&post=86776"},{"taxonomy":"product_cat","embeddable":true,"href":"https:\/\/santepara.ma\/index.php?rest_route=%2Fwp%2Fv2%2Fproduct_cat&post=86776"},{"taxonomy":"product_tag","embeddable":true,"href":"https:\/\/santepara.ma\/index.php?rest_route=%2Fwp%2Fv2%2Fproduct_tag&post=86776"}],"curies":[{"name":"wp","href":"https:\/\/api.w.org\/{rel}","templated":true}]}}