{"id":87002,"date":"2023-08-09T00:01:47","date_gmt":"2023-08-08T23:01:47","guid":{"rendered":"https:\/\/santepara.ma\/?product=mustela-lait-hydratant-apaisant-200ml"},"modified":"2024-02-22T16:18:48","modified_gmt":"2024-02-22T15:18:48","slug":"mustela-lait-hydratant-apaisant-200ml","status":"publish","type":"product","link":"https:\/\/santepara.ma\/?product=mustela-lait-hydratant-apaisant-200ml","title":{"rendered":"Mustela Lait hydratant apaisant 200ml"},"content":{"rendered":"<p><strong>Efficacit\u00e9 prouv\u00e9e<\/strong><\/p>\n<ul>\n<li>Hydrate imm\u00e9diatement et durablement la peau de b\u00e9b\u00e9.<\/li>\n<li>Apaise b\u00e9b\u00e9 les petites rougeurs visibles, les sensations de picotements et de tiraillements des peaux tr\u00e8s sensibles.<\/li>\n<\/ul>\n<p><strong>Plaisir d&rsquo;utilisation<\/strong><\/p>\n<ul>\n<li>Texture l\u00e9g\u00e8re et douce adapt\u00e9e au soin du corps de b\u00e9b\u00e9.<\/li>\n<li>Laisse la peau de b\u00e9b\u00e9 douce et souple.<\/li>\n<li>Effet seconde peau protecteur.<\/li>\n<\/ul>\n","protected":false},"excerpt":{"rendered":"<p>Lait hydratant apaisant sans parfum, pour le soin quotidien du corps. Convient aux peaux tr\u00e8s sensibles des nourrissons d\u00e8s la naissance*, des b\u00e9b\u00e9s et des enfants.<\/p>\n","protected":false},"featured_media":87001,"comment_status":"open","ping_status":"closed","template":"","meta":{"_joinchat":[]},"pwb-brand":[358],"product_cat":[190],"product_tag":[],"brands":[{"id":358,"name":"MUSTELA","slug":"mustela"}],"_links":{"self":[{"href":"https:\/\/santepara.ma\/index.php?rest_route=\/wp\/v2\/product\/87002"}],"collection":[{"href":"https:\/\/santepara.ma\/index.php?rest_route=\/wp\/v2\/product"}],"about":[{"href":"https:\/\/santepara.ma\/index.php?rest_route=\/wp\/v2\/types\/product"}],"replies":[{"embeddable":true,"href":"https:\/\/santepara.ma\/index.php?rest_route=%2Fwp%2Fv2%2Fcomments&post=87002"}],"wp:featuredmedia":[{"embeddable":true,"href":"https:\/\/santepara.ma\/index.php?rest_route=\/wp\/v2\/media\/87001"}],"wp:attachment":[{"href":"https:\/\/santepara.ma\/index.php?rest_route=%2Fwp%2Fv2%2Fmedia&parent=87002"}],"wp:term":[{"taxonomy":"pwb-brand","embeddable":true,"href":"https:\/\/santepara.ma\/index.php?rest_route=%2Fwp%2Fv2%2Fpwb-brand&post=87002"},{"taxonomy":"product_cat","embeddable":true,"href":"https:\/\/santepara.ma\/index.php?rest_route=%2Fwp%2Fv2%2Fproduct_cat&post=87002"},{"taxonomy":"product_tag","embeddable":true,"href":"https:\/\/santepara.ma\/index.php?rest_route=%2Fwp%2Fv2%2Fproduct_tag&post=87002"}],"curies":[{"name":"wp","href":"https:\/\/api.w.org\/{rel}","templated":true}]}}