{"id":87034,"date":"2023-08-09T00:01:54","date_gmt":"2023-08-08T23:01:54","guid":{"rendered":"https:\/\/santepara.ma\/?product=urgo-verrues"},"modified":"2025-03-24T11:14:21","modified_gmt":"2025-03-24T10:14:21","slug":"urgo-verrues","status":"publish","type":"product","link":"https:\/\/santepara.ma\/?product=urgo-verrues","title":{"rendered":"URGO VERRUES"},"content":{"rendered":"<p><b>Les verrues\u00a0<\/b>apparaissent sous plusieurs formes, principalement sur les pieds et les mains.\u00a0<b>Les verrues communes ou vulgaires\u00a0<\/b>sont habituellement rugueuses et dures et ont l\u2019aspect d\u2019un \u00ab\u00a0chou-fleur\u00a0\u00bb.\u00a0<b>Les verrues plantaires\u00a0<\/b>ont souvent des bords durs et \u00e9pais avec des points noirs au centre. Disgracieuses et r\u00e9cidivantes, les verrues peuvent \u00eatre g\u00eanantes, voire m\u00eame douloureuses.<\/p>\n<p><strong><strong>Conseils d&rsquo;Utilisation : <\/strong> <\/strong><\/p>\n<p>URGO Verrues, Traitement par cryoth\u00e9rapie est une m\u00e9thode s\u00fbre, innovante et efficace pour <b>\u00e9liminer \u00e0 domicile les verrues des pieds et des mains.\u00a0<\/b>Son applicateur transparent et son embout sp\u00e9cifique permettent un positionnement pr\u00e9cis sur la verrue\u00a0<b>pour la geler au c\u0153ur<\/b>.<\/p>\n<p>De plus, sa valve doseuse d\u00e9livre la quantit\u00e9 adapt\u00e9e de cryog\u00e8ne pour traiter les verrues quelques soient leurs tailles. Id\u00e9al pour les enfants, son action de courte dur\u00e9e et graduelle limite les sensations douloureuses.<\/p>\n","protected":false},"excerpt":{"rendered":"<p>URGO Verrues \u2013 Traitement\u00a0<b>par cryoth\u00e9rapie\u00a0<\/b>est un dispositif de cryoth\u00e9rapie\u00a0<b>\u00e0 domicile\u00a0<\/b>indiqu\u00e9 pour le\u00a0<b>traitement des verrues communes<\/b>, localis\u00e9es sur les mains et les pieds, chez les adultes et les enfants de plus de 4 ans.<\/p>\n","protected":false},"featured_media":87033,"comment_status":"open","ping_status":"closed","template":"","meta":{"_joinchat":[]},"pwb-brand":[443],"product_cat":[189],"product_tag":[],"brands":[{"id":443,"name":"URGO","slug":"urgo"}],"_links":{"self":[{"href":"https:\/\/santepara.ma\/index.php?rest_route=\/wp\/v2\/product\/87034"}],"collection":[{"href":"https:\/\/santepara.ma\/index.php?rest_route=\/wp\/v2\/product"}],"about":[{"href":"https:\/\/santepara.ma\/index.php?rest_route=\/wp\/v2\/types\/product"}],"replies":[{"embeddable":true,"href":"https:\/\/santepara.ma\/index.php?rest_route=%2Fwp%2Fv2%2Fcomments&post=87034"}],"wp:featuredmedia":[{"embeddable":true,"href":"https:\/\/santepara.ma\/index.php?rest_route=\/wp\/v2\/media\/87033"}],"wp:attachment":[{"href":"https:\/\/santepara.ma\/index.php?rest_route=%2Fwp%2Fv2%2Fmedia&parent=87034"}],"wp:term":[{"taxonomy":"pwb-brand","embeddable":true,"href":"https:\/\/santepara.ma\/index.php?rest_route=%2Fwp%2Fv2%2Fpwb-brand&post=87034"},{"taxonomy":"product_cat","embeddable":true,"href":"https:\/\/santepara.ma\/index.php?rest_route=%2Fwp%2Fv2%2Fproduct_cat&post=87034"},{"taxonomy":"product_tag","embeddable":true,"href":"https:\/\/santepara.ma\/index.php?rest_route=%2Fwp%2Fv2%2Fproduct_tag&post=87034"}],"curies":[{"name":"wp","href":"https:\/\/api.w.org\/{rel}","templated":true}]}}