{"id":87081,"date":"2023-08-09T00:02:09","date_gmt":"2023-08-08T23:02:09","guid":{"rendered":"https:\/\/santepara.ma\/?product=extralevure-290-comprimes"},"modified":"2023-11-04T13:01:24","modified_gmt":"2023-11-04T12:01:24","slug":"extralevure-290-comprimes","status":"publish","type":"product","link":"https:\/\/santepara.ma\/?product=extralevure-290-comprimes","title":{"rendered":"Extralevure 290 Comprimes"},"content":{"rendered":"<p>Levure de Bi\u00e8re 100% pur compl\u00e9ment alimentaire riche en prot\u00e9ines, Min\u00e9raux et Vitamines B1-B2-PP-B9<\/p>\n<p><strong>COMPOSITION:<\/strong><\/p>\n<p>Levure de bi\u00e8re 100% INDICATION: Par sa composition riche et \u00e9quilibr\u00e9e,\u00a0<strong>ExtraLevure<\/strong>\u00a0a une action particuli\u00e8re sur le renforcement des ongles, des cheveux et sur les peaux s\u00e8ches et ternes. Sa grande richesse en prot\u00e9ines apporte \u00e0 l\u2019organisme les \u00e9l\u00e9ments n\u00e9cessaires pour d\u00e9velopper les muscles. La levure de bi\u00e8re aide aussi \u00e0 la prise de poids.<\/p>\n<p><strong>UTILISATION:<\/strong><\/p>\n<p>2 \u00e0 3 comprim\u00e9s par jour \u00e0 prendre avec un grand verre d\u2019eau.<\/p>\n","protected":false},"excerpt":{"rendered":"<p>Levure de Bi\u00e8re 100% pur compl\u00e9ment alimentaire riche en prot\u00e9ines, Min\u00e9raux et Vitamines B1-B2-PP-B9 COMPOSITION: Levure de bi\u00e8re 100% INDICATION:<\/p>\n","protected":false},"featured_media":87079,"comment_status":"open","ping_status":"closed","template":"","meta":{"_joinchat":[]},"pwb-brand":[510],"product_cat":[223,218],"product_tag":[],"brands":[{"id":510,"name":"EXTRALEVURE","slug":"extralevure"}],"_links":{"self":[{"href":"https:\/\/santepara.ma\/index.php?rest_route=\/wp\/v2\/product\/87081"}],"collection":[{"href":"https:\/\/santepara.ma\/index.php?rest_route=\/wp\/v2\/product"}],"about":[{"href":"https:\/\/santepara.ma\/index.php?rest_route=\/wp\/v2\/types\/product"}],"replies":[{"embeddable":true,"href":"https:\/\/santepara.ma\/index.php?rest_route=%2Fwp%2Fv2%2Fcomments&post=87081"}],"wp:featuredmedia":[{"embeddable":true,"href":"https:\/\/santepara.ma\/index.php?rest_route=\/wp\/v2\/media\/87079"}],"wp:attachment":[{"href":"https:\/\/santepara.ma\/index.php?rest_route=%2Fwp%2Fv2%2Fmedia&parent=87081"}],"wp:term":[{"taxonomy":"pwb-brand","embeddable":true,"href":"https:\/\/santepara.ma\/index.php?rest_route=%2Fwp%2Fv2%2Fpwb-brand&post=87081"},{"taxonomy":"product_cat","embeddable":true,"href":"https:\/\/santepara.ma\/index.php?rest_route=%2Fwp%2Fv2%2Fproduct_cat&post=87081"},{"taxonomy":"product_tag","embeddable":true,"href":"https:\/\/santepara.ma\/index.php?rest_route=%2Fwp%2Fv2%2Fproduct_tag&post=87081"}],"curies":[{"name":"wp","href":"https:\/\/api.w.org\/{rel}","templated":true}]}}