{"id":87098,"date":"2023-08-09T00:02:12","date_gmt":"2023-08-08T23:02:12","guid":{"rendered":"https:\/\/santepara.ma\/?product=filorga-global-repair-creme-nutri-jeunesse-multi-revitalisante-50ml"},"modified":"2026-02-28T12:45:17","modified_gmt":"2026-02-28T11:45:17","slug":"filorga-global-repair-creme-nutri-jeunesse-multi-revitalisante-50ml","status":"publish","type":"product","link":"https:\/\/santepara.ma\/?product=filorga-global-repair-creme-nutri-jeunesse-multi-revitalisante-50ml","title":{"rendered":"Filorga GLOBAL-REPAIR Cr\u00e8me Nutri-Jeunesse Multi-Revitalisante 50ml"},"content":{"rendered":"<p>D\u00e9couvrez une cr\u00e8me visage anti-\u00e2ge globale. S<span data-sheets-userformat=\"{&quot;2&quot;:15043,&quot;3&quot;:{&quot;1&quot;:0},&quot;4&quot;:[null,2,15724527],&quot;9&quot;:1,&quot;10&quot;:1,&quot;12&quot;:0,&quot;14&quot;:[null,2,0],&quot;15&quot;:&quot;Raleway&quot;,&quot;16&quot;:9}\" data-sheets-value=\"{&quot;1&quot;:2,&quot;2&quot;:&quot;D\u00e9couvrez ce s\u00e9rum anti-\u00e2ge global + nutrition con\u00e7u pour les peaux d\u00e9vitalis\u00e9es ! Inspir\u00e9 des techniques de m\u00e9decine esth\u00e9tique reconnues, sa formule concentr\u00e9e offre une efficacit\u00e9 visible sur tous les signes de l'\u00e2ge : D\u00c9SHYDRATATION - RIDES MARQU\u00c9ES - MANQUE DE FERMET\u00c9 - OVALE REL\u00c2CH\u00c9 - MANQUE D'HOMOG\u00c9N\u00c9IT\u00c9 - TEINT FATIGU\u00c9.nnNutrition revitalisante - 3 super nutriments [ c\u00e9ramides + om\u00e9gas + vitamines ]agissent en synergie pour redonner souplesse et vitalit\u00e9 \u00e0 la peau. nnCorrection anti-\u00e2ge globale - 50 m\u00e9so-ingr\u00e9dients + 4 boosters cellulaires inspir\u00e9s des techniques de m\u00e9decine esth\u00e9tique se combinent pour agir sur l\u2019ensemble des signes du vieillissement cutan\u00e9.nnAction chrono-boost\u00e9e : s\u2019utilise en s\u00e9rum anti-\u00e2ge de jour et en masque de nuitn nFini velours absolu. Tous types de peaux. nn50ml.&quot;}\">a formule concentr\u00e9e offre une efficacit\u00e9 visible sur tous les signes de l\u2019\u00e2ge que sont la\u00a0<\/span>d\u00e9shydratation, les rides marqu\u00e9es, le manque de fermet\u00e9, l\u2019ovale rel\u00e2ch\u00e9, le manque d\u2019homog\u00e9n\u00e9it\u00e9 et le teint fatigu\u00e9.<\/p>\n<p><strong>\/ Nutrition revitalisante<\/strong><\/p>\n<p>3 super nutriments [C\u00e9ramides + Om\u00e9gas + Vitamines] agissent en synergie pour redonner souplesse et vitalit\u00e9 \u00e0 la peau.<\/p>\n<p><strong>\/ Action anti-\u00e2ge globale<\/strong><\/p>\n<p>50 m\u00e9so-ingr\u00e9dients + 4 boosters cellulaires inspir\u00e9s des techniques de m\u00e9decine esth\u00e9tique se combinent pour agir sur l\u2019ensemble des signes du vieillissement cutan\u00e9.<\/p>\n<p><strong>\/ Action chrono-boost\u00e9e<\/strong><\/p>\n<p>Cette cr\u00e8me \u00e0 la texture riche s\u2019utilise en cr\u00e8me le jour et en sleeping mask* la nuit.<\/p>\n","protected":false},"excerpt":{"rendered":"<p><strong>GLOBAL-REPAIR, un soin anti-\u00e2ge complet qui cible toutes les probl\u00e9matiques des peaux d\u00e9vitalis\u00e9es.<\/strong><\/p>\n","protected":false},"featured_media":87095,"comment_status":"open","ping_status":"closed","template":"","meta":{"_joinchat":[]},"pwb-brand":[337],"product_cat":[132],"product_tag":[],"brands":[{"id":337,"name":"Filorga","slug":"filorga"}],"_links":{"self":[{"href":"https:\/\/santepara.ma\/index.php?rest_route=\/wp\/v2\/product\/87098"}],"collection":[{"href":"https:\/\/santepara.ma\/index.php?rest_route=\/wp\/v2\/product"}],"about":[{"href":"https:\/\/santepara.ma\/index.php?rest_route=\/wp\/v2\/types\/product"}],"replies":[{"embeddable":true,"href":"https:\/\/santepara.ma\/index.php?rest_route=%2Fwp%2Fv2%2Fcomments&post=87098"}],"wp:featuredmedia":[{"embeddable":true,"href":"https:\/\/santepara.ma\/index.php?rest_route=\/wp\/v2\/media\/87095"}],"wp:attachment":[{"href":"https:\/\/santepara.ma\/index.php?rest_route=%2Fwp%2Fv2%2Fmedia&parent=87098"}],"wp:term":[{"taxonomy":"pwb-brand","embeddable":true,"href":"https:\/\/santepara.ma\/index.php?rest_route=%2Fwp%2Fv2%2Fpwb-brand&post=87098"},{"taxonomy":"product_cat","embeddable":true,"href":"https:\/\/santepara.ma\/index.php?rest_route=%2Fwp%2Fv2%2Fproduct_cat&post=87098"},{"taxonomy":"product_tag","embeddable":true,"href":"https:\/\/santepara.ma\/index.php?rest_route=%2Fwp%2Fv2%2Fproduct_tag&post=87098"}],"curies":[{"name":"wp","href":"https:\/\/api.w.org\/{rel}","templated":true}]}}