{"id":87108,"date":"2023-08-09T00:02:14","date_gmt":"2023-08-08T23:02:14","guid":{"rendered":"https:\/\/santepara.ma\/?product=racine-vita-huile-de-coco-40ml"},"modified":"2023-11-04T13:01:26","modified_gmt":"2023-11-04T12:01:26","slug":"racine-vita-huile-de-coco-40ml","status":"publish","type":"product","link":"https:\/\/santepara.ma\/?product=racine-vita-huile-de-coco-40ml","title":{"rendered":"RACINE VITA HUILE DE COCO 40ML"},"content":{"rendered":"<p>\u2013 Permet de lutter contre le vieillissement de la peau et les cernes.<\/p>\n<p>\u2013 R\u00e9paratrice et nourrissante pour les peaux s\u00e8ches, gerc\u00e9es ou irrit\u00e9es.<\/p>\n<p>\u2013 Parfume la peau sans laisser de trace (Film gras).<\/p>\n<p>\u2013 Donne des qualit\u00e9s de bronzages.<\/p>\n<p>\u2013 Fortifie, nourrit et r\u00e9pare la peau et les cheveux.<\/p>\n<p>\u2013 Id\u00e9ale pour le soin des cheveux secs, cr\u00e9pus, fris\u00e9s et ternes.<\/p>\n","protected":false},"excerpt":{"rendered":"<p>\u2013 Permet de lutter contre le vieillissement de la peau et les cernes. \u2013 R\u00e9paratrice et nourrissante pour les peaux<\/p>\n","protected":false},"featured_media":87107,"comment_status":"open","ping_status":"closed","template":"","meta":{"_joinchat":[]},"pwb-brand":[417],"product_cat":[290],"product_tag":[],"brands":[{"id":417,"name":"RACINE-VITA","slug":"racine-vita"}],"_links":{"self":[{"href":"https:\/\/santepara.ma\/index.php?rest_route=\/wp\/v2\/product\/87108"}],"collection":[{"href":"https:\/\/santepara.ma\/index.php?rest_route=\/wp\/v2\/product"}],"about":[{"href":"https:\/\/santepara.ma\/index.php?rest_route=\/wp\/v2\/types\/product"}],"replies":[{"embeddable":true,"href":"https:\/\/santepara.ma\/index.php?rest_route=%2Fwp%2Fv2%2Fcomments&post=87108"}],"wp:featuredmedia":[{"embeddable":true,"href":"https:\/\/santepara.ma\/index.php?rest_route=\/wp\/v2\/media\/87107"}],"wp:attachment":[{"href":"https:\/\/santepara.ma\/index.php?rest_route=%2Fwp%2Fv2%2Fmedia&parent=87108"}],"wp:term":[{"taxonomy":"pwb-brand","embeddable":true,"href":"https:\/\/santepara.ma\/index.php?rest_route=%2Fwp%2Fv2%2Fpwb-brand&post=87108"},{"taxonomy":"product_cat","embeddable":true,"href":"https:\/\/santepara.ma\/index.php?rest_route=%2Fwp%2Fv2%2Fproduct_cat&post=87108"},{"taxonomy":"product_tag","embeddable":true,"href":"https:\/\/santepara.ma\/index.php?rest_route=%2Fwp%2Fv2%2Fproduct_tag&post=87108"}],"curies":[{"name":"wp","href":"https:\/\/api.w.org\/{rel}","templated":true}]}}