{"id":87138,"date":"2023-08-09T00:02:23","date_gmt":"2023-08-08T23:02:23","guid":{"rendered":"https:\/\/santepara.ma\/?product=racine-vita-argile-rouge-100g"},"modified":"2023-11-04T13:01:27","modified_gmt":"2023-11-04T12:01:27","slug":"racine-vita-argile-rouge-100g","status":"publish","type":"product","link":"https:\/\/santepara.ma\/?product=racine-vita-argile-rouge-100g","title":{"rendered":"Racine Vita Argile Rouge 100g"},"content":{"rendered":"<p>Racine vita argile blanche masque-cataplasme multi-usage 100g<\/p>\n<p>l\u2019argile surfine poss\u00e8de d\u2019innombrables vertus, elle est tout \u00e0 la fois remin\u00e9ralisante r\u00e9g\u00e9n\u00e9rante, cicatrisante, antiseptique, absorbante.<\/p>\n<p>_Elle adoucit nettoie et purifie la peau.<\/p>\n<p>R\u00e9duit et absorbe l\u2019exc\u00e8s de s\u00e9bum.<\/p>\n<p>_Acc\u00e9l\u00e8re la cicatrisation.<\/p>\n<p>_R\u00e9g\u00e9n\u00e8re les cellules, purifie le cuir chevelu et fortifie les cheveux.<\/p>\n<p>_Calme et apaise les douleurs et les br\u00fblures.<\/p>\n<p>_resserre les pores et enrichit la peau par des min\u00e9raux et oligo-\u00e9l\u00e9ments<\/p>\n<p>(silice, silicates d\u2019aluminium, magn\u00e9sium, calcium,fer\u2026)<\/p>\n","protected":false},"excerpt":{"rendered":"<p>Racine vita argile blanche masque-cataplasme multi-usage 100g l\u2019argile surfine poss\u00e8de d\u2019innombrables vertus, elle est tout \u00e0 la fois remin\u00e9ralisante r\u00e9g\u00e9n\u00e9rante,<\/p>\n","protected":false},"featured_media":87137,"comment_status":"open","ping_status":"closed","template":"","meta":{"_joinchat":[]},"pwb-brand":[417],"product_cat":[218],"product_tag":[],"brands":[{"id":417,"name":"RACINE-VITA","slug":"racine-vita"}],"_links":{"self":[{"href":"https:\/\/santepara.ma\/index.php?rest_route=\/wp\/v2\/product\/87138"}],"collection":[{"href":"https:\/\/santepara.ma\/index.php?rest_route=\/wp\/v2\/product"}],"about":[{"href":"https:\/\/santepara.ma\/index.php?rest_route=\/wp\/v2\/types\/product"}],"replies":[{"embeddable":true,"href":"https:\/\/santepara.ma\/index.php?rest_route=%2Fwp%2Fv2%2Fcomments&post=87138"}],"wp:featuredmedia":[{"embeddable":true,"href":"https:\/\/santepara.ma\/index.php?rest_route=\/wp\/v2\/media\/87137"}],"wp:attachment":[{"href":"https:\/\/santepara.ma\/index.php?rest_route=%2Fwp%2Fv2%2Fmedia&parent=87138"}],"wp:term":[{"taxonomy":"pwb-brand","embeddable":true,"href":"https:\/\/santepara.ma\/index.php?rest_route=%2Fwp%2Fv2%2Fpwb-brand&post=87138"},{"taxonomy":"product_cat","embeddable":true,"href":"https:\/\/santepara.ma\/index.php?rest_route=%2Fwp%2Fv2%2Fproduct_cat&post=87138"},{"taxonomy":"product_tag","embeddable":true,"href":"https:\/\/santepara.ma\/index.php?rest_route=%2Fwp%2Fv2%2Fproduct_tag&post=87138"}],"curies":[{"name":"wp","href":"https:\/\/api.w.org\/{rel}","templated":true}]}}