{"id":87146,"date":"2023-08-09T00:02:24","date_gmt":"2023-08-08T23:02:24","guid":{"rendered":"https:\/\/santepara.ma\/?product=racine-vita-beaute-de-rose-40ml"},"modified":"2023-11-04T13:01:29","modified_gmt":"2023-11-04T12:01:29","slug":"racine-vita-beaute-de-rose-40ml","status":"publish","type":"product","link":"https:\/\/santepara.ma\/?product=racine-vita-beaute-de-rose-40ml","title":{"rendered":"RACINE VITA BEAUTE DE ROSE 40ML"},"content":{"rendered":"<p>\u2013 R\u00e9pare adoucit et cicatrise les acn\u00e9s br\u00fblures, couperose, coups de soleil,ecz\u00e9ma, et ongles cassants.<\/p>\n<p>\u2013 R\u00e9g\u00e9n\u00e9rante et revitalisante.<\/p>\n<p>\u2013 Nourrit en profondeur la peau et assouplit les tissus.<\/p>\n<p>\u2013 Id\u00e9ale en soin anti-vergetures.<\/p>\n<p>\u2013 Att\u00e9nue les t\u00e2ches de vieillissements.<\/p>\n<p>\u2013 Convient \u00e0 tous types de peaux, en particulier les peaux matures, irrit\u00e9es, et ab\u00eem\u00e9es..<\/p>\n","protected":false},"excerpt":{"rendered":"<p>Nourrissante, Adoucissante, Anti-vergetures<\/p>\n","protected":false},"featured_media":87145,"comment_status":"open","ping_status":"closed","template":"","meta":{"_joinchat":[]},"pwb-brand":[417],"product_cat":[290],"product_tag":[],"brands":[{"id":417,"name":"RACINE-VITA","slug":"racine-vita"}],"_links":{"self":[{"href":"https:\/\/santepara.ma\/index.php?rest_route=\/wp\/v2\/product\/87146"}],"collection":[{"href":"https:\/\/santepara.ma\/index.php?rest_route=\/wp\/v2\/product"}],"about":[{"href":"https:\/\/santepara.ma\/index.php?rest_route=\/wp\/v2\/types\/product"}],"replies":[{"embeddable":true,"href":"https:\/\/santepara.ma\/index.php?rest_route=%2Fwp%2Fv2%2Fcomments&post=87146"}],"wp:featuredmedia":[{"embeddable":true,"href":"https:\/\/santepara.ma\/index.php?rest_route=\/wp\/v2\/media\/87145"}],"wp:attachment":[{"href":"https:\/\/santepara.ma\/index.php?rest_route=%2Fwp%2Fv2%2Fmedia&parent=87146"}],"wp:term":[{"taxonomy":"pwb-brand","embeddable":true,"href":"https:\/\/santepara.ma\/index.php?rest_route=%2Fwp%2Fv2%2Fpwb-brand&post=87146"},{"taxonomy":"product_cat","embeddable":true,"href":"https:\/\/santepara.ma\/index.php?rest_route=%2Fwp%2Fv2%2Fproduct_cat&post=87146"},{"taxonomy":"product_tag","embeddable":true,"href":"https:\/\/santepara.ma\/index.php?rest_route=%2Fwp%2Fv2%2Fproduct_tag&post=87146"}],"curies":[{"name":"wp","href":"https:\/\/api.w.org\/{rel}","templated":true}]}}