{"id":87148,"date":"2023-08-09T00:02:25","date_gmt":"2023-08-08T23:02:25","guid":{"rendered":"https:\/\/santepara.ma\/?product=racine-vita-beurre-de-karite-150-ml"},"modified":"2023-11-04T13:01:29","modified_gmt":"2023-11-04T12:01:29","slug":"racine-vita-beurre-de-karite-150-ml","status":"publish","type":"product","link":"https:\/\/santepara.ma\/?product=racine-vita-beurre-de-karite-150-ml","title":{"rendered":"RACINE VITA BEURRE DE KARITE 150 ML"},"content":{"rendered":"<p>Racine-vita beurre de karit\u00e9 en pot nourrit et r\u00e9pare 100% beurre de karit\u00e9, riche en vitamine A, D et E.<\/p>\n<p>r\u00e9parateur et hydratant pour votre visage, corps, cheveux et cuir chevelu.<\/p>\n<p>Beurre de Karit\u00e9 100 % naturelle.<\/p>\n<p>Riche en vitamine A, D, E et F.<\/p>\n<p>Poss\u00e8de de puissantes vertus r\u00e9g\u00e9n\u00e9ratrices, r\u00e9paratrices et hydratantes pour votre visage, corps, cheveux, et cuir chevelu.<\/p>\n<p>Apaise, prot\u00e8ge, nourrit et assouplit la peau.<\/p>\n<p>Agit contre les rides, le dess\u00e8chement de la peau et les l\u00e8vres.<\/p>\n","protected":false},"excerpt":{"rendered":"<p>Beurre de Karit\u00e9 100 % naturelle.<\/p>\n","protected":false},"featured_media":87147,"comment_status":"open","ping_status":"closed","template":"","meta":{"_joinchat":[]},"pwb-brand":[417],"product_cat":[91],"product_tag":[],"brands":[{"id":417,"name":"RACINE-VITA","slug":"racine-vita"}],"_links":{"self":[{"href":"https:\/\/santepara.ma\/index.php?rest_route=\/wp\/v2\/product\/87148"}],"collection":[{"href":"https:\/\/santepara.ma\/index.php?rest_route=\/wp\/v2\/product"}],"about":[{"href":"https:\/\/santepara.ma\/index.php?rest_route=\/wp\/v2\/types\/product"}],"replies":[{"embeddable":true,"href":"https:\/\/santepara.ma\/index.php?rest_route=%2Fwp%2Fv2%2Fcomments&post=87148"}],"wp:featuredmedia":[{"embeddable":true,"href":"https:\/\/santepara.ma\/index.php?rest_route=\/wp\/v2\/media\/87147"}],"wp:attachment":[{"href":"https:\/\/santepara.ma\/index.php?rest_route=%2Fwp%2Fv2%2Fmedia&parent=87148"}],"wp:term":[{"taxonomy":"pwb-brand","embeddable":true,"href":"https:\/\/santepara.ma\/index.php?rest_route=%2Fwp%2Fv2%2Fpwb-brand&post=87148"},{"taxonomy":"product_cat","embeddable":true,"href":"https:\/\/santepara.ma\/index.php?rest_route=%2Fwp%2Fv2%2Fproduct_cat&post=87148"},{"taxonomy":"product_tag","embeddable":true,"href":"https:\/\/santepara.ma\/index.php?rest_route=%2Fwp%2Fv2%2Fproduct_tag&post=87148"}],"curies":[{"name":"wp","href":"https:\/\/api.w.org\/{rel}","templated":true}]}}