{"id":87180,"date":"2023-08-09T00:02:32","date_gmt":"2023-08-08T23:02:32","guid":{"rendered":"https:\/\/santepara.ma\/?product=racine-vita-huile-de-coco-300ml"},"modified":"2023-11-04T13:01:29","modified_gmt":"2023-11-04T12:01:29","slug":"racine-vita-huile-de-coco-300ml","status":"publish","type":"product","link":"https:\/\/santepara.ma\/?product=racine-vita-huile-de-coco-300ml","title":{"rendered":"RACINE VITA HUILE DE COCO 300ML"},"content":{"rendered":"<div id=\"page\" class=\"container_9 clearfix\">\n<div id=\"columns\" class=\"grid_9 alpha omega clearfix\">\n<div id=\"center_column\">\n<div id=\"category_produit\">\n<div id=\"more_info_block\" class=\"clear\">\n<div id=\"more_info_sheets\" class=\"sheets align_justify\">\n<div id=\"idTab1\" class=\"rte\"><\/div>\n<\/div>\n<\/div>\n<\/div>\n<\/div>\n<\/div>\n<\/div>\n<div id=\"footer\" class=\"grid_9 alpha omega clearfix\">\n<div id=\"sous_footer\">\n<div id=\"block_various_links_footer\" class=\"block_various_links\">\n<div id=\"page\" class=\"container_9 clearfix\">\n<div id=\"columns\" class=\"grid_9 alpha omega clearfix\">\n<div id=\"right_column\" class=\"column grid_2 omega\"><\/div>\n<\/div>\n<\/div>\n<div id=\"footer\" class=\"grid_9 alpha omega clearfix\">\n<div id=\"sous_footer\">\n<div id=\"block_various_links_footer\" class=\"block_various_links\">Racine vita Huile noix de coco lutte contre le vieillissement de la peau, la tonifie et lui redonne de l&rsquo;\u00e9clat.<\/p>\n<p>c&rsquo;est une huile douce aux vertus r\u00e9paratrices, nourrit en profondeur les peaux s\u00e8ches, \u00e9chauff\u00e9es par le soleil, hydrate, apaise les irritations et calme les rougeurs.<\/p>\n<p>l&rsquo;huile de coco nourrit les cheveux secs et cr\u00e9pus, pour les rendre plus denses, brillants, lisses et soyeux.<\/p><\/div>\n<\/div>\n<\/div>\n<\/div>\n<\/div>\n<\/div>\n","protected":false},"excerpt":{"rendered":"<p>Racine vita Huile noix de coco lutte contre le vieillissement de la peau, la tonifie et lui redonne de l&rsquo;\u00e9clat.<\/p>\n","protected":false},"featured_media":87179,"comment_status":"open","ping_status":"closed","template":"","meta":{"_joinchat":[]},"pwb-brand":[417],"product_cat":[290],"product_tag":[],"brands":[{"id":417,"name":"RACINE-VITA","slug":"racine-vita"}],"_links":{"self":[{"href":"https:\/\/santepara.ma\/index.php?rest_route=\/wp\/v2\/product\/87180"}],"collection":[{"href":"https:\/\/santepara.ma\/index.php?rest_route=\/wp\/v2\/product"}],"about":[{"href":"https:\/\/santepara.ma\/index.php?rest_route=\/wp\/v2\/types\/product"}],"replies":[{"embeddable":true,"href":"https:\/\/santepara.ma\/index.php?rest_route=%2Fwp%2Fv2%2Fcomments&post=87180"}],"wp:featuredmedia":[{"embeddable":true,"href":"https:\/\/santepara.ma\/index.php?rest_route=\/wp\/v2\/media\/87179"}],"wp:attachment":[{"href":"https:\/\/santepara.ma\/index.php?rest_route=%2Fwp%2Fv2%2Fmedia&parent=87180"}],"wp:term":[{"taxonomy":"pwb-brand","embeddable":true,"href":"https:\/\/santepara.ma\/index.php?rest_route=%2Fwp%2Fv2%2Fpwb-brand&post=87180"},{"taxonomy":"product_cat","embeddable":true,"href":"https:\/\/santepara.ma\/index.php?rest_route=%2Fwp%2Fv2%2Fproduct_cat&post=87180"},{"taxonomy":"product_tag","embeddable":true,"href":"https:\/\/santepara.ma\/index.php?rest_route=%2Fwp%2Fv2%2Fproduct_tag&post=87180"}],"curies":[{"name":"wp","href":"https:\/\/api.w.org\/{rel}","templated":true}]}}