{"id":87184,"date":"2023-08-09T00:02:32","date_gmt":"2023-08-08T23:02:32","guid":{"rendered":"https:\/\/santepara.ma\/?product=racine-vita-creme-hydratante-au-concombre"},"modified":"2023-11-04T13:01:30","modified_gmt":"2023-11-04T12:01:30","slug":"racine-vita-creme-hydratante-au-concombre","status":"publish","type":"product","link":"https:\/\/santepara.ma\/?product=racine-vita-creme-hydratante-au-concombre","title":{"rendered":"RACINE VITA CR\u00c8ME HYDRATANTE AU CONCOMBRE"},"content":{"rendered":"<p>La Cr\u00e8me Hydratante\u00a0 Racine Vita au Concombre est un soin hydratant et \u00e9claircissant quotidien\u00a0 gr\u00e2ce \u00e0 l\u2019extrait de concombre,<\/p>\n<p>connu pour ses propri\u00e9t\u00e9s calmantes tonifiantes et hydratantes. Riche en vitamines A, B, C et E<\/p>\n<p>Sa texture l\u00e9g\u00e8re et non grasse p\u00e9n\u00e8tre rapidement et Rafra\u00eechie votre peau gr\u00e2ce \u00e0 ce soin riche en actifs<\/p>\n<p>hydratants et min\u00e9raux, en apportant une sensation de confort et de fra\u00eecheur, pour une peau propre souple,<\/p>\n<p>hydrat\u00e9e et lumineuse comme ressourc\u00e9e<\/p>\n<p><strong>Conseils d&rsquo;Utilisation : <\/strong> <\/p>\n<p>Appliquer la Cr\u00e8me Hydratante<\/p>\n<p>Racine Vita au Concombre sur peau propre et s\u00e8che, matin et\/ou soir<\/p>\n<p>sur le visage, le corps et les mains<\/p>\n<p>A chaque application, la peau est hydrat\u00e9e, fra\u00eeche et confortable.<\/p>\n","protected":false},"excerpt":{"rendered":"<p>La Cr\u00e8me Hydratante\u00a0 Racine Vita au Concombre est un soin hydratant et \u00e9claircissant quotidien\u00a0 gr\u00e2ce \u00e0 l\u2019extrait de concombre, connu<\/p>\n","protected":false},"featured_media":87183,"comment_status":"open","ping_status":"closed","template":"","meta":{"_joinchat":[]},"pwb-brand":[417],"product_cat":[82],"product_tag":[],"brands":[{"id":417,"name":"RACINE-VITA","slug":"racine-vita"}],"_links":{"self":[{"href":"https:\/\/santepara.ma\/index.php?rest_route=\/wp\/v2\/product\/87184"}],"collection":[{"href":"https:\/\/santepara.ma\/index.php?rest_route=\/wp\/v2\/product"}],"about":[{"href":"https:\/\/santepara.ma\/index.php?rest_route=\/wp\/v2\/types\/product"}],"replies":[{"embeddable":true,"href":"https:\/\/santepara.ma\/index.php?rest_route=%2Fwp%2Fv2%2Fcomments&post=87184"}],"wp:featuredmedia":[{"embeddable":true,"href":"https:\/\/santepara.ma\/index.php?rest_route=\/wp\/v2\/media\/87183"}],"wp:attachment":[{"href":"https:\/\/santepara.ma\/index.php?rest_route=%2Fwp%2Fv2%2Fmedia&parent=87184"}],"wp:term":[{"taxonomy":"pwb-brand","embeddable":true,"href":"https:\/\/santepara.ma\/index.php?rest_route=%2Fwp%2Fv2%2Fpwb-brand&post=87184"},{"taxonomy":"product_cat","embeddable":true,"href":"https:\/\/santepara.ma\/index.php?rest_route=%2Fwp%2Fv2%2Fproduct_cat&post=87184"},{"taxonomy":"product_tag","embeddable":true,"href":"https:\/\/santepara.ma\/index.php?rest_route=%2Fwp%2Fv2%2Fproduct_tag&post=87184"}],"curies":[{"name":"wp","href":"https:\/\/api.w.org\/{rel}","templated":true}]}}