{"id":87192,"date":"2023-08-09T00:02:34","date_gmt":"2023-08-08T23:02:34","guid":{"rendered":"https:\/\/santepara.ma\/?product=racine-vita-huile-de-lavande-40ml"},"modified":"2023-11-04T13:01:30","modified_gmt":"2023-11-04T12:01:30","slug":"racine-vita-huile-de-lavande-40ml","status":"publish","type":"product","link":"https:\/\/santepara.ma\/?product=racine-vita-huile-de-lavande-40ml","title":{"rendered":"RACINE VITA HUILE DE LAVANDE 40ML"},"content":{"rendered":"<p>\u2013 Apaise la peau notamment apr\u00e8s le rasage et la d\u00e9pilation.<\/p>\n<p>\u2013 Excellente cicatrisante et antiseptique.<\/p>\n<p>\u2013 Relaxante et anti stress en massage.<\/p>\n<p>\u2013 Protection solaire, d\u00e9maquillante, Anti acn\u00e9<\/p>\n<p>\u2013 R\u00e9duit les affections cutan\u00e9es (ecz\u00e9ma,br\u00fblures).<\/p>\n<p>\u2013 Anti cellulite et diminue les vergetures.<\/p>\n<p>\u2013 Nourrit et diminue les irritations du cuir chevelu.<\/p>\n<p>\u2013 Anti transpirante, anti-chute (pour tous types de cheveux).<\/p>\n<p>\u2013 Diminue les rhumatismes lors de massage.<\/p>\n","protected":false},"excerpt":{"rendered":"<p>Anti Stress, Anti Acn\u00e9, Anti cellulite et Vergeture<\/p>\n","protected":false},"featured_media":87191,"comment_status":"open","ping_status":"closed","template":"","meta":{"_joinchat":[]},"pwb-brand":[417],"product_cat":[290],"product_tag":[],"brands":[{"id":417,"name":"RACINE-VITA","slug":"racine-vita"}],"_links":{"self":[{"href":"https:\/\/santepara.ma\/index.php?rest_route=\/wp\/v2\/product\/87192"}],"collection":[{"href":"https:\/\/santepara.ma\/index.php?rest_route=\/wp\/v2\/product"}],"about":[{"href":"https:\/\/santepara.ma\/index.php?rest_route=\/wp\/v2\/types\/product"}],"replies":[{"embeddable":true,"href":"https:\/\/santepara.ma\/index.php?rest_route=%2Fwp%2Fv2%2Fcomments&post=87192"}],"wp:featuredmedia":[{"embeddable":true,"href":"https:\/\/santepara.ma\/index.php?rest_route=\/wp\/v2\/media\/87191"}],"wp:attachment":[{"href":"https:\/\/santepara.ma\/index.php?rest_route=%2Fwp%2Fv2%2Fmedia&parent=87192"}],"wp:term":[{"taxonomy":"pwb-brand","embeddable":true,"href":"https:\/\/santepara.ma\/index.php?rest_route=%2Fwp%2Fv2%2Fpwb-brand&post=87192"},{"taxonomy":"product_cat","embeddable":true,"href":"https:\/\/santepara.ma\/index.php?rest_route=%2Fwp%2Fv2%2Fproduct_cat&post=87192"},{"taxonomy":"product_tag","embeddable":true,"href":"https:\/\/santepara.ma\/index.php?rest_route=%2Fwp%2Fv2%2Fproduct_tag&post=87192"}],"curies":[{"name":"wp","href":"https:\/\/api.w.org\/{rel}","templated":true}]}}