{"id":87212,"date":"2023-08-09T00:02:38","date_gmt":"2023-08-08T23:02:38","guid":{"rendered":"https:\/\/santepara.ma\/?product=racine-vita-huile-dorange-40ml"},"modified":"2023-11-04T13:01:32","modified_gmt":"2023-11-04T12:01:32","slug":"racine-vita-huile-dorange-40ml","status":"publish","type":"product","link":"https:\/\/santepara.ma\/?product=racine-vita-huile-dorange-40ml","title":{"rendered":"RACINE VITA HUILE D&rsquo;ORANGE 40ML"},"content":{"rendered":"<div id=\"page\" class=\"container_9 clearfix\">\n<div id=\"columns\" class=\"grid_9 alpha omega clearfix\">\n<div id=\"center_column\">\n<div id=\"category_produit\">\n<div id=\"more_info_block\" class=\"clear\">\n<div id=\"more_info_sheets\" class=\"sheets align_justify\">\n<div id=\"idTab1\" class=\"rte\">\n<p>&#8211; Apporte un v\u00e9ritable coup d&rsquo;\u00e9clat \u00e0 votre peau.<\/p>\n<p>&#8211; elle nourrit et adoucit la peau et pr\u00e9vient le dess\u00e8chement de l \u00e9piderme.<\/p>\n<p>&#8211; Assouplit les peaux les plus s\u00e8ches et les prot\u00e8ge contre la d\u00e9shydratation.<\/p>\n<p>&#8211; Lutte contre les effets de vieillissement.<\/p>\n<p>&#8211; Fortifiant pour les cheveux et les ongles.<\/p>\n<p>&#8211; Excellent anti rides et ridules.<\/p>\n<\/div>\n<\/div>\n<\/div>\n<\/div>\n<\/div>\n<div id=\"right_column\" class=\"column grid_2 omega\"><\/div>\n<\/div>\n<\/div>\n<div id=\"footer\" class=\"grid_9 alpha omega clearfix\">\n<div id=\"sous_footer\">\n<div id=\"block_various_links_footer\" class=\"block_various_links\"><\/div>\n<\/div>\n<\/div>\n","protected":false},"excerpt":{"rendered":"<p>&#8211; Apporte un v\u00e9ritable coup d&rsquo;\u00e9clat \u00e0 votre peau. &#8211; elle nourrit et adoucit la peau et pr\u00e9vient le dess\u00e8chement<\/p>\n","protected":false},"featured_media":87211,"comment_status":"open","ping_status":"closed","template":"","meta":{"_joinchat":[]},"pwb-brand":[417],"product_cat":[290],"product_tag":[],"brands":[{"id":417,"name":"RACINE-VITA","slug":"racine-vita"}],"_links":{"self":[{"href":"https:\/\/santepara.ma\/index.php?rest_route=\/wp\/v2\/product\/87212"}],"collection":[{"href":"https:\/\/santepara.ma\/index.php?rest_route=\/wp\/v2\/product"}],"about":[{"href":"https:\/\/santepara.ma\/index.php?rest_route=\/wp\/v2\/types\/product"}],"replies":[{"embeddable":true,"href":"https:\/\/santepara.ma\/index.php?rest_route=%2Fwp%2Fv2%2Fcomments&post=87212"}],"wp:featuredmedia":[{"embeddable":true,"href":"https:\/\/santepara.ma\/index.php?rest_route=\/wp\/v2\/media\/87211"}],"wp:attachment":[{"href":"https:\/\/santepara.ma\/index.php?rest_route=%2Fwp%2Fv2%2Fmedia&parent=87212"}],"wp:term":[{"taxonomy":"pwb-brand","embeddable":true,"href":"https:\/\/santepara.ma\/index.php?rest_route=%2Fwp%2Fv2%2Fpwb-brand&post=87212"},{"taxonomy":"product_cat","embeddable":true,"href":"https:\/\/santepara.ma\/index.php?rest_route=%2Fwp%2Fv2%2Fproduct_cat&post=87212"},{"taxonomy":"product_tag","embeddable":true,"href":"https:\/\/santepara.ma\/index.php?rest_route=%2Fwp%2Fv2%2Fproduct_tag&post=87212"}],"curies":[{"name":"wp","href":"https:\/\/api.w.org\/{rel}","templated":true}]}}