{"id":87228,"date":"2023-08-09T00:02:40","date_gmt":"2023-08-08T23:02:40","guid":{"rendered":"https:\/\/santepara.ma\/?product=vitis-dentifrice-anticaries-100-ml"},"modified":"2023-11-04T13:01:32","modified_gmt":"2023-11-04T12:01:32","slug":"vitis-dentifrice-anticaries-100-ml","status":"publish","type":"product","link":"https:\/\/santepara.ma\/?product=vitis-dentifrice-anticaries-100-ml","title":{"rendered":"VITIS DENTIFRICE ANTICARIES 100 ML"},"content":{"rendered":"<p><strong>Novateur le 1er produit anti-caries qui restaure, renforce et remin\u00e9ralise l\u2019\u00e9mail dentaire gr\u00e2ce \u00e0 3 m\u00e9canismes d\u2019action.<\/strong><\/p>\n<p>Vitis Anticaries Dentifrice est indiqu\u00e9<\/p>\n<ul>\n<li>Pour pr\u00e9venir les caries dans le cadre de l\u2019hygi\u00e8ne bucco-dentaire quotidienne des patients.<\/li>\n<li>Pour les personnes avec une activit\u00e9 carieuse accrue, en pr\u00e9vention.<\/li>\n<\/ul>\n<p>Brossage des dents 2 fois par jours<\/p>\n<p>L&rsquo;utilisation quotidienne est recommand\u00e9e pour une bonne sant\u00e9 bucco-dentaire et de pr\u00e9venir les probl\u00e8mes potentiels dans la cavit\u00e9 buccale.<\/p>\n","protected":false},"excerpt":{"rendered":"<p>Novateur le 1er produit anti-caries qui restaure, renforce et remin\u00e9ralise l\u2019\u00e9mail dentaire gr\u00e2ce \u00e0 3 m\u00e9canismes d\u2019action. Vitis Anticaries Dentifrice<\/p>\n","protected":false},"featured_media":87227,"comment_status":"open","ping_status":"closed","template":"","meta":{"_joinchat":[]},"pwb-brand":[514],"product_cat":[304],"product_tag":[],"brands":[{"id":514,"name":"VITIS","slug":"vitis"}],"_links":{"self":[{"href":"https:\/\/santepara.ma\/index.php?rest_route=\/wp\/v2\/product\/87228"}],"collection":[{"href":"https:\/\/santepara.ma\/index.php?rest_route=\/wp\/v2\/product"}],"about":[{"href":"https:\/\/santepara.ma\/index.php?rest_route=\/wp\/v2\/types\/product"}],"replies":[{"embeddable":true,"href":"https:\/\/santepara.ma\/index.php?rest_route=%2Fwp%2Fv2%2Fcomments&post=87228"}],"wp:featuredmedia":[{"embeddable":true,"href":"https:\/\/santepara.ma\/index.php?rest_route=\/wp\/v2\/media\/87227"}],"wp:attachment":[{"href":"https:\/\/santepara.ma\/index.php?rest_route=%2Fwp%2Fv2%2Fmedia&parent=87228"}],"wp:term":[{"taxonomy":"pwb-brand","embeddable":true,"href":"https:\/\/santepara.ma\/index.php?rest_route=%2Fwp%2Fv2%2Fpwb-brand&post=87228"},{"taxonomy":"product_cat","embeddable":true,"href":"https:\/\/santepara.ma\/index.php?rest_route=%2Fwp%2Fv2%2Fproduct_cat&post=87228"},{"taxonomy":"product_tag","embeddable":true,"href":"https:\/\/santepara.ma\/index.php?rest_route=%2Fwp%2Fv2%2Fproduct_tag&post=87228"}],"curies":[{"name":"wp","href":"https:\/\/api.w.org\/{rel}","templated":true}]}}