{"id":87240,"date":"2023-08-09T00:02:47","date_gmt":"2023-08-08T23:02:47","guid":{"rendered":"https:\/\/santepara.ma\/?product=vitis-orthodontic-cire"},"modified":"2023-11-04T13:01:33","modified_gmt":"2023-11-04T12:01:33","slug":"vitis-orthodontic-cire","status":"publish","type":"product","link":"https:\/\/santepara.ma\/?product=vitis-orthodontic-cire","title":{"rendered":"VITIS ORTHODONTIC CIRE"},"content":{"rendered":"<p>La cire Vitis Orthodontic att\u00e9nue les irritations des tissus mous qui peuvent appara\u00eetre en raison de la pr\u00e9sence d\u2019un appareil orthodontique (ex. plaquettes)<\/p>\n<p>La cire doit \u00eatre appliqu\u00e9e aux endroits de l\u2019appareil qui provoquent les l\u00e9sions et les blessures dans la bouche<\/p>\n<p>&nbsp;<\/p>\n<ul>\n<li>Appliquer r\u00e9guli\u00e8rement une petite quantit\u00e9 de cire sur les zones de l\u2019appareil qui irritent les tissus mous<\/li>\n<\/ul>\n","protected":false},"excerpt":{"rendered":"<p>La cire Vitis Orthodontic att\u00e9nue les irritations des tissus mous qui peuvent appara\u00eetre en raison de la pr\u00e9sence d\u2019un appareil<\/p>\n","protected":false},"featured_media":87239,"comment_status":"open","ping_status":"closed","template":"","meta":{"_joinchat":[]},"pwb-brand":[514],"product_cat":[320],"product_tag":[],"brands":[{"id":514,"name":"VITIS","slug":"vitis"}],"_links":{"self":[{"href":"https:\/\/santepara.ma\/index.php?rest_route=\/wp\/v2\/product\/87240"}],"collection":[{"href":"https:\/\/santepara.ma\/index.php?rest_route=\/wp\/v2\/product"}],"about":[{"href":"https:\/\/santepara.ma\/index.php?rest_route=\/wp\/v2\/types\/product"}],"replies":[{"embeddable":true,"href":"https:\/\/santepara.ma\/index.php?rest_route=%2Fwp%2Fv2%2Fcomments&post=87240"}],"wp:featuredmedia":[{"embeddable":true,"href":"https:\/\/santepara.ma\/index.php?rest_route=\/wp\/v2\/media\/87239"}],"wp:attachment":[{"href":"https:\/\/santepara.ma\/index.php?rest_route=%2Fwp%2Fv2%2Fmedia&parent=87240"}],"wp:term":[{"taxonomy":"pwb-brand","embeddable":true,"href":"https:\/\/santepara.ma\/index.php?rest_route=%2Fwp%2Fv2%2Fpwb-brand&post=87240"},{"taxonomy":"product_cat","embeddable":true,"href":"https:\/\/santepara.ma\/index.php?rest_route=%2Fwp%2Fv2%2Fproduct_cat&post=87240"},{"taxonomy":"product_tag","embeddable":true,"href":"https:\/\/santepara.ma\/index.php?rest_route=%2Fwp%2Fv2%2Fproduct_tag&post=87240"}],"curies":[{"name":"wp","href":"https:\/\/api.w.org\/{rel}","templated":true}]}}