{"id":87263,"date":"2023-08-09T00:02:51","date_gmt":"2023-08-08T23:02:51","guid":{"rendered":"https:\/\/santepara.ma\/?product=vita-nature-huile-essentielle-de-lavande-15ml"},"modified":"2023-11-04T13:01:33","modified_gmt":"2023-11-04T12:01:33","slug":"vita-nature-huile-essentielle-de-lavande-15ml","status":"publish","type":"product","link":"https:\/\/santepara.ma\/?product=vita-nature-huile-essentielle-de-lavande-15ml","title":{"rendered":"Vita Nature Huile Essentielle de Lavande 15ml"},"content":{"rendered":"<ul>\n<li><strong>Antispasmodique puissante<\/strong><\/li>\n<li><strong>D\u00e9contractante musculaire<\/strong><\/li>\n<li><strong>Cicatrisante et r\u00e9g\u00e9n\u00e9ratrice cutan\u00e9e puissante<\/strong><\/li>\n<li><strong>Apaisante , anti inflammatoire , antalgique\u00a0<\/strong><\/li>\n<\/ul>\n<p><strong>Conseil de conservation\u00a0:<\/strong><\/p>\n<p>A conserver dans un endroit frais (temp\u00e9rature inferieure a 20C\u00b0)a l\u2019abri de l\u2019air et de la lumi\u00e8re<\/p>\n","protected":false},"excerpt":{"rendered":"<p>Antispasmodique puissante D\u00e9contractante musculaire Cicatrisante et r\u00e9g\u00e9n\u00e9ratrice cutan\u00e9e puissante Apaisante , anti inflammatoire , antalgique\u00a0 Conseil de conservation\u00a0: A conserver<\/p>\n","protected":false},"featured_media":87262,"comment_status":"open","ping_status":"closed","template":"","meta":{"_joinchat":[]},"pwb-brand":[516],"product_cat":[290],"product_tag":[],"brands":[{"id":516,"name":"VITA NATURE","slug":"vita-nature"}],"_links":{"self":[{"href":"https:\/\/santepara.ma\/index.php?rest_route=\/wp\/v2\/product\/87263"}],"collection":[{"href":"https:\/\/santepara.ma\/index.php?rest_route=\/wp\/v2\/product"}],"about":[{"href":"https:\/\/santepara.ma\/index.php?rest_route=\/wp\/v2\/types\/product"}],"replies":[{"embeddable":true,"href":"https:\/\/santepara.ma\/index.php?rest_route=%2Fwp%2Fv2%2Fcomments&post=87263"}],"wp:featuredmedia":[{"embeddable":true,"href":"https:\/\/santepara.ma\/index.php?rest_route=\/wp\/v2\/media\/87262"}],"wp:attachment":[{"href":"https:\/\/santepara.ma\/index.php?rest_route=%2Fwp%2Fv2%2Fmedia&parent=87263"}],"wp:term":[{"taxonomy":"pwb-brand","embeddable":true,"href":"https:\/\/santepara.ma\/index.php?rest_route=%2Fwp%2Fv2%2Fpwb-brand&post=87263"},{"taxonomy":"product_cat","embeddable":true,"href":"https:\/\/santepara.ma\/index.php?rest_route=%2Fwp%2Fv2%2Fproduct_cat&post=87263"},{"taxonomy":"product_tag","embeddable":true,"href":"https:\/\/santepara.ma\/index.php?rest_route=%2Fwp%2Fv2%2Fproduct_tag&post=87263"}],"curies":[{"name":"wp","href":"https:\/\/api.w.org\/{rel}","templated":true}]}}