{"id":87269,"date":"2023-08-09T00:02:52","date_gmt":"2023-08-08T23:02:52","guid":{"rendered":"https:\/\/santepara.ma\/?product=vitis-brosse-a-dents-gingival"},"modified":"2023-11-04T13:01:35","modified_gmt":"2023-11-04T12:01:35","slug":"vitis-brosse-a-dents-gingival","status":"publish","type":"product","link":"https:\/\/santepara.ma\/?product=vitis-brosse-a-dents-gingival","title":{"rendered":"VITIS BROSSE A DENTS GINGIVAL"},"content":{"rendered":"<p>VITIS Brosse \u00e0 dents Gingival<\/p>\n<p>La brosse \u00e0 dents est id\u00e9al pour les gencives sensibles.<\/p>\n<p>Elle permet de nettoyer avec une grande d\u00e9licatesse sans agresser la gencive.<\/p>\n<p>Il est recommand\u00e9 de se brosser les dents apr\u00e8s chaque repas.<\/p>\n","protected":false},"excerpt":{"rendered":"<p>VITIS Brosse \u00e0 dents Gingival La brosse \u00e0 dents est id\u00e9al pour les gencives sensibles. Elle permet de nettoyer avec<\/p>\n","protected":false},"featured_media":87268,"comment_status":"open","ping_status":"closed","template":"","meta":{"_joinchat":[]},"pwb-brand":[514],"product_cat":[274],"product_tag":[],"brands":[{"id":514,"name":"VITIS","slug":"vitis"}],"_links":{"self":[{"href":"https:\/\/santepara.ma\/index.php?rest_route=\/wp\/v2\/product\/87269"}],"collection":[{"href":"https:\/\/santepara.ma\/index.php?rest_route=\/wp\/v2\/product"}],"about":[{"href":"https:\/\/santepara.ma\/index.php?rest_route=\/wp\/v2\/types\/product"}],"replies":[{"embeddable":true,"href":"https:\/\/santepara.ma\/index.php?rest_route=%2Fwp%2Fv2%2Fcomments&post=87269"}],"wp:featuredmedia":[{"embeddable":true,"href":"https:\/\/santepara.ma\/index.php?rest_route=\/wp\/v2\/media\/87268"}],"wp:attachment":[{"href":"https:\/\/santepara.ma\/index.php?rest_route=%2Fwp%2Fv2%2Fmedia&parent=87269"}],"wp:term":[{"taxonomy":"pwb-brand","embeddable":true,"href":"https:\/\/santepara.ma\/index.php?rest_route=%2Fwp%2Fv2%2Fpwb-brand&post=87269"},{"taxonomy":"product_cat","embeddable":true,"href":"https:\/\/santepara.ma\/index.php?rest_route=%2Fwp%2Fv2%2Fproduct_cat&post=87269"},{"taxonomy":"product_tag","embeddable":true,"href":"https:\/\/santepara.ma\/index.php?rest_route=%2Fwp%2Fv2%2Fproduct_tag&post=87269"}],"curies":[{"name":"wp","href":"https:\/\/api.w.org\/{rel}","templated":true}]}}