{"id":87346,"date":"2023-08-09T00:03:11","date_gmt":"2023-08-08T23:03:11","guid":{"rendered":"https:\/\/santepara.ma\/?product=urgo-coricide-12-pieces"},"modified":"2023-11-04T13:01:39","modified_gmt":"2023-11-04T12:01:39","slug":"urgo-coricide-12-pieces","status":"publish","type":"product","link":"https:\/\/santepara.ma\/?product=urgo-coricide-12-pieces","title":{"rendered":"Urgo Coricide 12 Pi\u00e8ces"},"content":{"rendered":"<p><b>URGO Coricide\u00a0<\/b>est d\u00f4t\u00e9 d\u2019un disque protecteur, qui\u00a0<b>prot\u00e8ge la callosit\u00e9\u00a0et\u00a0\u00e9vite\u00a0<\/b><b>les\u00a0<\/b><b>pressions douloureuses et\u00a0<\/b><b>les\u00a0<\/b><b>frottements\u00a0<\/b>de la chaussure. Son support adh\u00e9sif maintient le pansement en place tout au long de la journ\u00e9e.<\/p>\n<p><b>URGO Coricide<\/b>\u00a0est un traitement local d\u2019appoint pour les cors, oeils de perdrix et durillons. L\u2019acide salicylique contenu dans la pastille agit directement sur la callosit\u00e9 pour l\u2019\u00e9liminer en douceur.<\/p>\n<p><strong><strong>Conseils d&rsquo;Utilisation : <\/strong> <\/strong><\/p>\n<p>Appliquer le pansement une fois par jour, pendant au maximum 8 jours, \u00a0apr\u00e8s un bain de pied chaud, sur la l\u00e9sion sans d\u00e9border sur la peau saine, de pr\u00e9f\u00e9rence le soir au coucher.<\/p>\n","protected":false},"excerpt":{"rendered":"<p>URGO Coricide\u00a0est d\u00f4t\u00e9 d\u2019un disque protecteur, qui\u00a0prot\u00e8ge la callosit\u00e9\u00a0et\u00a0\u00e9vite\u00a0les\u00a0pressions douloureuses et\u00a0les\u00a0frottements\u00a0de la chaussure. Son support adh\u00e9sif maintient le pansement en<\/p>\n","protected":false},"featured_media":87345,"comment_status":"open","ping_status":"closed","template":"","meta":{"_joinchat":[]},"pwb-brand":[443],"product_cat":[98,96,92],"product_tag":[],"brands":[{"id":443,"name":"URGO","slug":"urgo"}],"_links":{"self":[{"href":"https:\/\/santepara.ma\/index.php?rest_route=\/wp\/v2\/product\/87346"}],"collection":[{"href":"https:\/\/santepara.ma\/index.php?rest_route=\/wp\/v2\/product"}],"about":[{"href":"https:\/\/santepara.ma\/index.php?rest_route=\/wp\/v2\/types\/product"}],"replies":[{"embeddable":true,"href":"https:\/\/santepara.ma\/index.php?rest_route=%2Fwp%2Fv2%2Fcomments&post=87346"}],"wp:featuredmedia":[{"embeddable":true,"href":"https:\/\/santepara.ma\/index.php?rest_route=\/wp\/v2\/media\/87345"}],"wp:attachment":[{"href":"https:\/\/santepara.ma\/index.php?rest_route=%2Fwp%2Fv2%2Fmedia&parent=87346"}],"wp:term":[{"taxonomy":"pwb-brand","embeddable":true,"href":"https:\/\/santepara.ma\/index.php?rest_route=%2Fwp%2Fv2%2Fpwb-brand&post=87346"},{"taxonomy":"product_cat","embeddable":true,"href":"https:\/\/santepara.ma\/index.php?rest_route=%2Fwp%2Fv2%2Fproduct_cat&post=87346"},{"taxonomy":"product_tag","embeddable":true,"href":"https:\/\/santepara.ma\/index.php?rest_route=%2Fwp%2Fv2%2Fproduct_tag&post=87346"}],"curies":[{"name":"wp","href":"https:\/\/api.w.org\/{rel}","templated":true}]}}