{"id":87388,"date":"2023-08-09T00:03:26","date_gmt":"2023-08-08T23:03:26","guid":{"rendered":"https:\/\/santepara.ma\/?product=urgo-filmogel-stop-ongles-ronges-9ml"},"modified":"2023-11-04T13:01:41","modified_gmt":"2023-11-04T12:01:41","slug":"urgo-filmogel-stop-ongles-ronges-9ml","status":"publish","type":"product","link":"https:\/\/santepara.ma\/?product=urgo-filmogel-stop-ongles-ronges-9ml","title":{"rendered":"URGO FILMOGEL STOP ONGLES RONGES 9ML"},"content":{"rendered":"<p>Gr\u00e2ce \u00e0 sa formule innovante, urgo stop aux ongles rong\u00e9s combine 2 actions :<\/p>\n<p>&#8211; Emp\u00eache de se ronger les ongles.<\/p>\n<p>&#8211; Renforce et restructure.<\/p>\n<p>&#8211; Invisible<\/p>\n<p><strong><strong>Conseils d&rsquo;Utilisation : <\/strong> <\/strong><\/p>\n<div class=\"product-tabs\">\n<div class=\"std new-std\">\n<p>Lire attentivement la notice \u00e0 l&rsquo;int\u00e9rieur de la boite.<\/p>\n<\/div>\n<\/div>\n<div class=\"product-tabs\"><\/div>\n","protected":false},"excerpt":{"rendered":"<p>Vernis tr\u00e8s amer invisible.<\/p>\n<p>Emp\u00eache de se ronger les ongles.<\/p>\n<p>Renforce et restructure.<\/p>\n","protected":false},"featured_media":87387,"comment_status":"open","ping_status":"closed","template":"","meta":{"_joinchat":[]},"pwb-brand":[443],"product_cat":[101],"product_tag":[],"brands":[{"id":443,"name":"URGO","slug":"urgo"}],"_links":{"self":[{"href":"https:\/\/santepara.ma\/index.php?rest_route=\/wp\/v2\/product\/87388"}],"collection":[{"href":"https:\/\/santepara.ma\/index.php?rest_route=\/wp\/v2\/product"}],"about":[{"href":"https:\/\/santepara.ma\/index.php?rest_route=\/wp\/v2\/types\/product"}],"replies":[{"embeddable":true,"href":"https:\/\/santepara.ma\/index.php?rest_route=%2Fwp%2Fv2%2Fcomments&post=87388"}],"wp:featuredmedia":[{"embeddable":true,"href":"https:\/\/santepara.ma\/index.php?rest_route=\/wp\/v2\/media\/87387"}],"wp:attachment":[{"href":"https:\/\/santepara.ma\/index.php?rest_route=%2Fwp%2Fv2%2Fmedia&parent=87388"}],"wp:term":[{"taxonomy":"pwb-brand","embeddable":true,"href":"https:\/\/santepara.ma\/index.php?rest_route=%2Fwp%2Fv2%2Fpwb-brand&post=87388"},{"taxonomy":"product_cat","embeddable":true,"href":"https:\/\/santepara.ma\/index.php?rest_route=%2Fwp%2Fv2%2Fproduct_cat&post=87388"},{"taxonomy":"product_tag","embeddable":true,"href":"https:\/\/santepara.ma\/index.php?rest_route=%2Fwp%2Fv2%2Fproduct_tag&post=87388"}],"curies":[{"name":"wp","href":"https:\/\/api.w.org\/{rel}","templated":true}]}}