{"id":87415,"date":"2023-08-09T00:03:45","date_gmt":"2023-08-08T23:03:45","guid":{"rendered":"https:\/\/santepara.ma\/?product=novafix-creme-adhesive-40g-desctockage"},"modified":"2023-11-04T13:01:42","modified_gmt":"2023-11-04T12:01:42","slug":"novafix-creme-adhesive-40g-desctockage","status":"publish","type":"product","link":"https:\/\/santepara.ma\/?product=novafix-creme-adhesive-40g-desctockage","title":{"rendered":"Novafix Creme Adhesive 40G DESCTOCKAGE"},"content":{"rendered":"<p><strong><strong>Composition : <\/strong> <\/strong><\/p>\n<p>un copolym\u00e8re de vinyle de 30% Carboxym\u00e9thylcellulose 23%<\/p>\n<p><strong><strong>Conseils d&rsquo;Utilisation : <\/strong> <\/strong><\/p>\n<p>Avant l&rsquo;application, la dentition doit \u00eatre propre. Deux. Appliquer petites bandes Novafix sur les dents. La quantit\u00e9 exacte n\u00e9cessaire variera en fonction de la individuellement dents. Essayez d&rsquo;abord avec une petite quantit\u00e9 et augmenter si n\u00e9cessaire, dans les applications suivantes \u00e0 obtner ajustement parfait et confortable. Trois. Placer la proth\u00e8se dans sa position naturelle et appuyer fermement. Avril. Fermer herm\u00e9tiquement le tube apr\u00e8s chaque application. Peut. Si la bouche s\u00e8che, appliquer la cr\u00e8me sur les proth\u00e8ses adh\u00e9sives humides et la bouche Imm\u00e9diatement avant le placement. ALLERGIE AU LATEX Ne contient pas de latex.<\/p>\n","protected":false},"excerpt":{"rendered":"<p>Composition : un copolym\u00e8re de vinyle de 30% Carboxym\u00e9thylcellulose 23% Conseils d&rsquo;Utilisation : Avant l&rsquo;application, la dentition doit \u00eatre propre.<\/p>\n","protected":false},"featured_media":87414,"comment_status":"open","ping_status":"closed","template":"","meta":{"_joinchat":[]},"pwb-brand":[478],"product_cat":[85,86],"product_tag":[],"brands":[{"id":478,"name":"NOVAFIX","slug":"novafix"}],"_links":{"self":[{"href":"https:\/\/santepara.ma\/index.php?rest_route=\/wp\/v2\/product\/87415"}],"collection":[{"href":"https:\/\/santepara.ma\/index.php?rest_route=\/wp\/v2\/product"}],"about":[{"href":"https:\/\/santepara.ma\/index.php?rest_route=\/wp\/v2\/types\/product"}],"replies":[{"embeddable":true,"href":"https:\/\/santepara.ma\/index.php?rest_route=%2Fwp%2Fv2%2Fcomments&post=87415"}],"wp:featuredmedia":[{"embeddable":true,"href":"https:\/\/santepara.ma\/index.php?rest_route=\/wp\/v2\/media\/87414"}],"wp:attachment":[{"href":"https:\/\/santepara.ma\/index.php?rest_route=%2Fwp%2Fv2%2Fmedia&parent=87415"}],"wp:term":[{"taxonomy":"pwb-brand","embeddable":true,"href":"https:\/\/santepara.ma\/index.php?rest_route=%2Fwp%2Fv2%2Fpwb-brand&post=87415"},{"taxonomy":"product_cat","embeddable":true,"href":"https:\/\/santepara.ma\/index.php?rest_route=%2Fwp%2Fv2%2Fproduct_cat&post=87415"},{"taxonomy":"product_tag","embeddable":true,"href":"https:\/\/santepara.ma\/index.php?rest_route=%2Fwp%2Fv2%2Fproduct_tag&post=87415"}],"curies":[{"name":"wp","href":"https:\/\/api.w.org\/{rel}","templated":true}]}}