{"id":87523,"date":"2023-08-09T00:04:26","date_gmt":"2023-08-08T23:04:26","guid":{"rendered":"https:\/\/santepara.ma\/?product=luxeol-shampooing-antipellicullaire-200ml"},"modified":"2023-11-09T14:34:42","modified_gmt":"2023-11-09T13:34:42","slug":"luxeol-shampooing-antipellicullaire-200ml","status":"publish","type":"product","link":"https:\/\/santepara.ma\/?product=luxeol-shampooing-antipellicullaire-200ml","title":{"rendered":"Luxeol Shampooing Antipellicullaire 200ml"},"content":{"rendered":"<div class=\"product-tabs\">\n<div class=\"std new-std\">\n<p>La lutte contre les pellicules est facilit\u00e9e gr\u00e2ce au shampooing anti-pelliculaire LUXEOL. Sa formule enrichie en Piroctone Olamine et en extrait de Mimosa, qui aident respectivement \u00e0 l&rsquo;\u00e9limination des infections fongiques et \u00e0 la r\u00e9g\u00e9n\u00e9ration des cellules.<\/p>\n<p>Les cheveux sont nettoy\u00e9s, assouplis et les pellicules sont \u00e9limin\u00e9es pour longtemps.<\/p>\n<\/div>\n<\/div>\n<div class=\"product-tabs\">\n<h3 class=\"tabs-title\"><strong>Conseils d&rsquo;Utilisation : <\/strong> <\/h3>\n<div class=\"std new-std\">\n<p>Deux \u00e0 trois fois par semaine, sur cheveux mouill\u00e9s, appliquez une grosse noisette de shampooing au creux de vos mains et massez d\u00e9licatement vos cheveux. Rincez abondamment \u00e0 l&rsquo;eau claire et finissez par un jet d&rsquo;eau fra\u00eeche.<\/p>\n<\/div>\n<\/div>\n","protected":false},"excerpt":{"rendered":"<p>TOUS TYPES DE CHEVEUX<\/p>\n","protected":false},"featured_media":87522,"comment_status":"open","ping_status":"closed","template":"","meta":{"_joinchat":[]},"pwb-brand":[529],"product_cat":[147,144],"product_tag":[],"brands":[{"id":529,"name":"LUXEOL","slug":"luxeol"}],"_links":{"self":[{"href":"https:\/\/santepara.ma\/index.php?rest_route=\/wp\/v2\/product\/87523"}],"collection":[{"href":"https:\/\/santepara.ma\/index.php?rest_route=\/wp\/v2\/product"}],"about":[{"href":"https:\/\/santepara.ma\/index.php?rest_route=\/wp\/v2\/types\/product"}],"replies":[{"embeddable":true,"href":"https:\/\/santepara.ma\/index.php?rest_route=%2Fwp%2Fv2%2Fcomments&post=87523"}],"wp:featuredmedia":[{"embeddable":true,"href":"https:\/\/santepara.ma\/index.php?rest_route=\/wp\/v2\/media\/87522"}],"wp:attachment":[{"href":"https:\/\/santepara.ma\/index.php?rest_route=%2Fwp%2Fv2%2Fmedia&parent=87523"}],"wp:term":[{"taxonomy":"pwb-brand","embeddable":true,"href":"https:\/\/santepara.ma\/index.php?rest_route=%2Fwp%2Fv2%2Fpwb-brand&post=87523"},{"taxonomy":"product_cat","embeddable":true,"href":"https:\/\/santepara.ma\/index.php?rest_route=%2Fwp%2Fv2%2Fproduct_cat&post=87523"},{"taxonomy":"product_tag","embeddable":true,"href":"https:\/\/santepara.ma\/index.php?rest_route=%2Fwp%2Fv2%2Fproduct_tag&post=87523"}],"curies":[{"name":"wp","href":"https:\/\/api.w.org\/{rel}","templated":true}]}}