{"id":87596,"date":"2023-08-09T00:04:44","date_gmt":"2023-08-08T23:04:44","guid":{"rendered":"https:\/\/santepara.ma\/?product=photo-white-ah-creme-acide-hyaluronique-30ml-ecran-invisible"},"modified":"2023-08-09T00:04:44","modified_gmt":"2023-08-08T23:04:44","slug":"photo-white-ah-creme-acide-hyaluronique-30ml-ecran-invisible","status":"publish","type":"product","link":"https:\/\/santepara.ma\/?product=photo-white-ah-creme-acide-hyaluronique-30ml-ecran-invisible","title":{"rendered":"Photo White AH Cr\u00e8me Acide Hyaluronique 30ml + Ecran Invisible"},"content":{"rendered":"<p>S\u00e9rum concentr\u00e9 \u00e0 base d\u2019acide hyaluronique \u00e0 haut et bas poids mol\u00e9culaire pour une action hydratante intense et un effet anti-\u00e2ge contre les signes du temps. Le traitement procure au visage une sensation imm\u00e9diate de fra\u00eecheur et de tonicit\u00e9, la peau retrouve ainsi son \u00e9lasticit\u00e9 et sa souplesse.il contient un m\u00e9lange d\u2019actifs v\u00e9g\u00e9taux qui contrent le processus de m\u00e9lanog\u00e9n\u00e8se pour donner un effet \u00e9claircissant sur le visage.<\/p>\n","protected":false},"excerpt":{"rendered":"<p>S\u00e9rum concentr\u00e9 \u00e0 base d\u2019acide hyaluronique \u00e0 haut et bas poids mol\u00e9culaire pour une action hydratante intense et un effet<\/p>\n","protected":false},"featured_media":87595,"comment_status":"open","ping_status":"closed","template":"","meta":{"_joinchat":[]},"pwb-brand":[535],"product_cat":[132],"product_tag":[],"brands":[{"id":535,"name":"PHOTO WHITE","slug":"photo-white"}],"_links":{"self":[{"href":"https:\/\/santepara.ma\/index.php?rest_route=\/wp\/v2\/product\/87596"}],"collection":[{"href":"https:\/\/santepara.ma\/index.php?rest_route=\/wp\/v2\/product"}],"about":[{"href":"https:\/\/santepara.ma\/index.php?rest_route=\/wp\/v2\/types\/product"}],"replies":[{"embeddable":true,"href":"https:\/\/santepara.ma\/index.php?rest_route=%2Fwp%2Fv2%2Fcomments&post=87596"}],"wp:featuredmedia":[{"embeddable":true,"href":"https:\/\/santepara.ma\/index.php?rest_route=\/wp\/v2\/media\/87595"}],"wp:attachment":[{"href":"https:\/\/santepara.ma\/index.php?rest_route=%2Fwp%2Fv2%2Fmedia&parent=87596"}],"wp:term":[{"taxonomy":"pwb-brand","embeddable":true,"href":"https:\/\/santepara.ma\/index.php?rest_route=%2Fwp%2Fv2%2Fpwb-brand&post=87596"},{"taxonomy":"product_cat","embeddable":true,"href":"https:\/\/santepara.ma\/index.php?rest_route=%2Fwp%2Fv2%2Fproduct_cat&post=87596"},{"taxonomy":"product_tag","embeddable":true,"href":"https:\/\/santepara.ma\/index.php?rest_route=%2Fwp%2Fv2%2Fproduct_tag&post=87596"}],"curies":[{"name":"wp","href":"https:\/\/api.w.org\/{rel}","templated":true}]}}