{"id":87616,"date":"2023-08-09T00:04:53","date_gmt":"2023-08-08T23:04:53","guid":{"rendered":"https:\/\/santepara.ma\/?product=photo-white-serum-eclaircissant-advance-30ml"},"modified":"2023-11-04T13:01:51","modified_gmt":"2023-11-04T12:01:51","slug":"photo-white-serum-eclaircissant-advance-30ml","status":"publish","type":"product","link":"https:\/\/santepara.ma\/?product=photo-white-serum-eclaircissant-advance-30ml","title":{"rendered":"Photo White serum eclaircissant Advance 30ml"},"content":{"rendered":"<p><span class=\"goog-text-highlight\">S\u00e9rum visage concentr\u00e9 qui r\u00e9unit en un seul produit les phases fondamentales d&rsquo;un traitement d\u00e9pigmentant efficace.\u00a0<\/span>Contient de l&rsquo;acide glycolique qui exfolie en douceur l&rsquo;\u00e9tat de surface de l&rsquo;\u00e9piderme et un complexe d&rsquo;inhibiteurs de la m\u00e9lanogen\u00e8se qui agissent en synergie pour contrer la formation de m\u00e9lanine.<\/p>\n","protected":false},"excerpt":{"rendered":"<p>S\u00c9RUM ANTI TACHES ILLUMINATEUR AVANC\u00c9<\/p>\n","protected":false},"featured_media":87615,"comment_status":"open","ping_status":"closed","template":"","meta":{"_joinchat":[]},"pwb-brand":[535],"product_cat":[126],"product_tag":[],"brands":[{"id":535,"name":"PHOTO WHITE","slug":"photo-white"}],"_links":{"self":[{"href":"https:\/\/santepara.ma\/index.php?rest_route=\/wp\/v2\/product\/87616"}],"collection":[{"href":"https:\/\/santepara.ma\/index.php?rest_route=\/wp\/v2\/product"}],"about":[{"href":"https:\/\/santepara.ma\/index.php?rest_route=\/wp\/v2\/types\/product"}],"replies":[{"embeddable":true,"href":"https:\/\/santepara.ma\/index.php?rest_route=%2Fwp%2Fv2%2Fcomments&post=87616"}],"wp:featuredmedia":[{"embeddable":true,"href":"https:\/\/santepara.ma\/index.php?rest_route=\/wp\/v2\/media\/87615"}],"wp:attachment":[{"href":"https:\/\/santepara.ma\/index.php?rest_route=%2Fwp%2Fv2%2Fmedia&parent=87616"}],"wp:term":[{"taxonomy":"pwb-brand","embeddable":true,"href":"https:\/\/santepara.ma\/index.php?rest_route=%2Fwp%2Fv2%2Fpwb-brand&post=87616"},{"taxonomy":"product_cat","embeddable":true,"href":"https:\/\/santepara.ma\/index.php?rest_route=%2Fwp%2Fv2%2Fproduct_cat&post=87616"},{"taxonomy":"product_tag","embeddable":true,"href":"https:\/\/santepara.ma\/index.php?rest_route=%2Fwp%2Fv2%2Fproduct_tag&post=87616"}],"curies":[{"name":"wp","href":"https:\/\/api.w.org\/{rel}","templated":true}]}}