{"id":87634,"date":"2023-08-09T00:04:57","date_gmt":"2023-08-08T23:04:57","guid":{"rendered":"https:\/\/santepara.ma\/?product=photo-white-serum-anti-taches-15ml"},"modified":"2023-11-04T13:01:53","modified_gmt":"2023-11-04T12:01:53","slug":"photo-white-serum-anti-taches-15ml","status":"publish","type":"product","link":"https:\/\/santepara.ma\/?product=photo-white-serum-anti-taches-15ml","title":{"rendered":"Photo White Serum Anti-Taches 15ml"},"content":{"rendered":"<p><span>S\u00e9rum \u00e0 base d&rsquo;acide mand\u00e9lique avec une action exfoliante douce, convient \u00e9galement aux peaux les plus sensibles.\u00a0<\/span><span>Il favorise un renouvellement superficiel de l&rsquo;\u00e9piderme (plus terne et \u00e9paissi chez les peaux matures), neutralise les taches cutan\u00e9es et rend la peau du visage plus douce et plus lumineuse.<\/span><\/p>\n","protected":false},"excerpt":{"rendered":"<p>Action exfoliante Action \u00e9clairante Action lissante<\/p>\n","protected":false},"featured_media":87633,"comment_status":"open","ping_status":"closed","template":"","meta":{"_joinchat":[]},"pwb-brand":[535],"product_cat":[126],"product_tag":[],"brands":[{"id":535,"name":"PHOTO WHITE","slug":"photo-white"}],"_links":{"self":[{"href":"https:\/\/santepara.ma\/index.php?rest_route=\/wp\/v2\/product\/87634"}],"collection":[{"href":"https:\/\/santepara.ma\/index.php?rest_route=\/wp\/v2\/product"}],"about":[{"href":"https:\/\/santepara.ma\/index.php?rest_route=\/wp\/v2\/types\/product"}],"replies":[{"embeddable":true,"href":"https:\/\/santepara.ma\/index.php?rest_route=%2Fwp%2Fv2%2Fcomments&post=87634"}],"wp:featuredmedia":[{"embeddable":true,"href":"https:\/\/santepara.ma\/index.php?rest_route=\/wp\/v2\/media\/87633"}],"wp:attachment":[{"href":"https:\/\/santepara.ma\/index.php?rest_route=%2Fwp%2Fv2%2Fmedia&parent=87634"}],"wp:term":[{"taxonomy":"pwb-brand","embeddable":true,"href":"https:\/\/santepara.ma\/index.php?rest_route=%2Fwp%2Fv2%2Fpwb-brand&post=87634"},{"taxonomy":"product_cat","embeddable":true,"href":"https:\/\/santepara.ma\/index.php?rest_route=%2Fwp%2Fv2%2Fproduct_cat&post=87634"},{"taxonomy":"product_tag","embeddable":true,"href":"https:\/\/santepara.ma\/index.php?rest_route=%2Fwp%2Fv2%2Fproduct_tag&post=87634"}],"curies":[{"name":"wp","href":"https:\/\/api.w.org\/{rel}","templated":true}]}}